{"id":4071,"date":"2026-04-02T23:43:26","date_gmt":"2026-04-02T23:43:26","guid":{"rendered":"https:\/\/tondeuse-auto.ch\/?post_type=product&#038;p=4071"},"modified":"2026-04-03T02:57:55","modified_gmt":"2026-04-03T02:57:55","slug":"worx-landroid-l1000-wr147e-1-avec-batterie-2","status":"publish","type":"product","link":"https:\/\/tondeuse-auto.ch\/de\/produkt\/worx-landroid-l1000-wr147e-1-avec-batterie-2\/","title":{"rendered":"Worx  Landroid L1000 &#8211; WR147E.1 avec batterie"},"content":{"rendered":"<p>Le robot de tonte Worx Landroid L1000 est une aide ext\u00e9rieure pratique et un must-have pour chaque propri\u00e9taire de jardin. Avec une largeur de coupe de 20 cm, le robot de tonte permet d&rsquo;obtenir de l&rsquo;herbe fra\u00eechement coup\u00e9e sur des surfaces allant jusqu&rsquo;\u00e0 1&rsquo;000 m\u00b2. L&rsquo;avantage particulier: Le robot de tonte apprend et \u00e9tablit lui-m\u00eame un plan de tonte.<\/p>\n<p><strong>Plan de tonte automatique avec module auto cognitif de Noesis<\/strong><br \/>\nLe robot de tonte \u00e9tablit lui-m\u00eame un plan de tonte. Pour ce faire, le robot de tonte tient compte, gr\u00e2ce \u00e0 l&rsquo;informatique en nuage, de facteurs tels que la croissance de l&rsquo;herbe, la m\u00e9t\u00e9o locale, la saison, l&rsquo;ensoleillement, le type d&rsquo;herbe et d&rsquo;autres variables. Vous pouvez r\u00e9gler facilement la hauteur de coupe souhait\u00e9e de 30 \u00e0 60 mm \u00e0 l&rsquo;aide d&rsquo;un bouton rotatif sur l&rsquo;appareil.<\/p>\n<p><strong>Robot de tonte efficace avec la technologie AIA et Cut-to-Edge<\/strong><br \/>\nGr\u00e2ce \u00e0 la technologie de navigation brevet\u00e9e AIA, le robot de tonte se d\u00e9place de mani\u00e8re particuli\u00e8rement efficace et souple sur la pelouse. Il m\u00e9morise l&rsquo;environnement et trouve son chemin dans les passages \u00e9troits m\u00eame sans fil de guidage. Avec la fonction Cut-to-Edge, il tond jusqu&rsquo;au bord de la pelouse et \u00e9vite les travaux de finition fastidieux. Le m\u00e9canisme de tonte auto-nivelant vibre avec le sol pour ne pas endommager la cicatrice d&rsquo;herbe.<\/p>\n<p><strong>Facile \u00e0 nettoyer et protection des h\u00e9rissons<\/strong><br \/>\nLe mode Sauve les h\u00e9rissons emp\u00eache le robot de tonte d&rsquo;\u00eatre mis en marche apr\u00e8s le coucher du soleil lorsque les animaux nocturnes commencent \u00e0 errer. Le carter de coupe a \u00e9t\u00e9 con\u00e7u pour \u00eatre facilement nettoy\u00e9 en pulv\u00e9risant simplement avec le tuyau d&rsquo;arrosage.<\/p>\n<p><strong>Robot de tonte avec contr\u00f4le d&rsquo;application et mises \u00e0 jour automatiques<\/strong><br \/>\nConnectez votre robot \u00e0 votre smartphone via Bluetooth et contr\u00f4lez-le facilement via l&rsquo;application. Les mises \u00e0 jour et am\u00e9liorations sont automatiquement fournies par les mises \u00e0 jour logicielles Over-the-Air par WiFi.<\/p>\n<p><strong>Configurez votre Landroid parfait.<\/strong><br \/>\nChaque Worx Landroid peut \u00eatre compl\u00e9t\u00e9 par cinq modules suppl\u00e9mentaires diff\u00e9rents en option: Le syst\u00e8me anti-collision ACS pour contourner les obstacles, Find my Landroid pour la localisation et la protection antivol, Off Limits pour d\u00e9limiter de petites surfaces, Radio Link pour une meilleure r\u00e9ception Wi-Fi et Voice Control pour la commande vocale.<\/p>\n<p><strong>Fonctionnement sur batterie de la plateforme PowerShare de Worx<\/strong><br \/>\nLe Landroid de Worx est une tondeuse enti\u00e8rement automatique aliment\u00e9e par une batterie 20 V de la plateforme de batterie Worx PowerShare. Vous pouvez ainsi \u00e9galement utiliser la batterie avec n&rsquo;importe quel autre appareil de batterie Worx 20 V. Ainsi, vous \u00eates particuli\u00e8rement flexible et vous \u00e9vitez d&rsquo;acheter plusieurs batteries d&rsquo;une classe de performance.<\/p>\n<p><strong>Il est plus s\u00fbr de tondre pendant la journ\u00e9e pour prot\u00e9ger les animaux nocturnes.<\/strong><\/p>\n<p>&nbsp;<\/p>\n<div class=\"table-container-wrapper\"><\/div>\n<div class=\"table-container table-1 table-unstyled\"><\/div>","protected":false},"excerpt":{"rendered":"<p><strong>Il est plus s\u00fbr de tondre pendant la journ\u00e9e pour prot\u00e9ger les animaux nocturnes.<\/strong><\/p>\n<p>&nbsp;<\/p>\n<div class=\"table-container-wrapper\">\n<h2>Sp\u00e9cifications techniques<\/h2>\n<div class=\"table-container table-0 table-unstyled\">\n<table class=\"c-datalist c-datalist--33\">\n<thead>\n<tr>\n<th class=\"h5\">Caract\u00e9ristiques du produit<\/th>\n<\/tr>\n<\/thead>\n<tbody>\n<tr>\n<th scope=\"row\">Niveaux de hauteur de coupe:<\/th>\n<td data-label=\"Niveaux de hauteur de coupe\">4 \u00e9l\u00e9ments<\/td>\n<\/tr>\n<tr>\n<th scope=\"row\">Hauteur de coupe min.:<\/th>\n<td data-label=\"Hauteur de coupe min.\">30 mm<\/td>\n<\/tr>\n<tr>\n<th scope=\"row\">Hauteur de coupe max.:<\/th>\n<td data-label=\"Hauteur de coupe max.\">60 mm<\/td>\n<\/tr>\n<tr>\n<th scope=\"row\">Pente max.:<\/th>\n<td data-label=\"Pente max.\">35 %<\/td>\n<\/tr>\n<tr>\n<th scope=\"row\">Largeur de coupe:<\/th>\n<td data-label=\"Largeur de coupe\">20 cm<\/td>\n<\/tr>\n<\/tbody>\n<\/table>\n<\/div>\n<\/div>\n<div class=\"table-container table-1 table-unstyled\">\n<table class=\"c-datalist c-datalist--33\">\n<thead>\n<tr>\n<th class=\"h5\">Dimensions et poids (nets)<\/th>\n<\/tr>\n<\/thead>\n<tbody>\n<tr>\n<th scope=\"row\">Poids:<\/th>\n<td data-label=\"Poids\">11,5\u00a0kg<\/td>\n<\/tr>\n<tr>\n<th scope=\"row\">Hauteur:<\/th>\n<td data-label=\"Hauteur\">22,5\u00a0cm<\/td>\n<\/tr>\n<tr>\n<th scope=\"row\">Largeur:<\/th>\n<td data-label=\"Largeur\">42,8\u00a0cm<\/td>\n<\/tr>\n<tr>\n<th scope=\"row\">Profondeur:<\/th>\n<td data-label=\"Profondeur\">62,8\u00a0cm<\/td>\n<\/tr>\n<\/tbody>\n<\/table>\n<\/div>","protected":false},"featured_media":4008,"comment_status":"closed","ping_status":"closed","template":"","meta":[],"product_brand":[],"product_cat":[46],"product_tag":[],"class_list":{"0":"post-4071","1":"product","2":"type-product","3":"status-publish","4":"has-post-thumbnail","6":"product_cat-robots-tondeuses","8":"first","9":"instock","10":"taxable","11":"shipping-taxable","12":"purchasable","13":"product-type-simple"},"jetpack_sharing_enabled":true,"_links":{"self":[{"href":"https:\/\/tondeuse-auto.ch\/de\/wp-json\/wp\/v2\/product\/4071","targetHints":{"allow":["GET"]}}],"collection":[{"href":"https:\/\/tondeuse-auto.ch\/de\/wp-json\/wp\/v2\/product"}],"about":[{"href":"https:\/\/tondeuse-auto.ch\/de\/wp-json\/wp\/v2\/types\/product"}],"replies":[{"embeddable":true,"href":"https:\/\/tondeuse-auto.ch\/de\/wp-json\/wp\/v2\/comments?post=4071"}],"version-history":[{"count":1,"href":"https:\/\/tondeuse-auto.ch\/de\/wp-json\/wp\/v2\/product\/4071\/revisions"}],"predecessor-version":[{"id":4098,"href":"https:\/\/tondeuse-auto.ch\/de\/wp-json\/wp\/v2\/product\/4071\/revisions\/4098"}],"wp:featuredmedia":[{"embeddable":true,"href":"https:\/\/tondeuse-auto.ch\/de\/wp-json\/wp\/v2\/media\/4008"}],"wp:attachment":[{"href":"https:\/\/tondeuse-auto.ch\/de\/wp-json\/wp\/v2\/media?parent=4071"}],"wp:term":[{"taxonomy":"product_brand","embeddable":true,"href":"https:\/\/tondeuse-auto.ch\/de\/wp-json\/wp\/v2\/product_brand?post=4071"},{"taxonomy":"product_cat","embeddable":true,"href":"https:\/\/tondeuse-auto.ch\/de\/wp-json\/wp\/v2\/product_cat?post=4071"},{"taxonomy":"product_tag","embeddable":true,"href":"https:\/\/tondeuse-auto.ch\/de\/wp-json\/wp\/v2\/product_tag?post=4071"}],"curies":[{"name":"wp","href":"https:\/\/api.w.org\/{rel}","templated":true}]}}