{"id":4069,"date":"2026-04-02T23:43:26","date_gmt":"2026-04-02T23:43:26","guid":{"rendered":"https:\/\/tondeuse-auto.ch\/?post_type=product&#038;p=4069"},"modified":"2026-04-03T02:57:55","modified_gmt":"2026-04-03T02:57:55","slug":"robot-tondeuse-gardena-smart-sileno-life-750-m%c2%b2","status":"publish","type":"product","link":"https:\/\/tondeuse-auto.ch\/de\/produkt\/robot-tondeuse-gardena-smart-sileno-life-750-m%c2%b2\/","title":{"rendered":"Robot tondeuse Gardena Smart Sileno Life 750 m\u00b2"},"content":{"rendered":"<h2 class=\"h2\">SILENO life excelle en pr\u00e9cision et en performance, id\u00e9al pour les surfaces de taille moyenne.<\/h2>\n<div class=\"checkout-text-dark readmore js-read-more js-read-more-container\" data-rm-words=\"75\">\n<ul>\n<li>Connect\u00e9e : la tondeuse robot SILENO life 750 m\u00b2 peut \u00eatre pilot\u00e9e depuis votre smartphone jusqu&rsquo;\u00e0 10 m de distance gr\u00e2ce \u00e0 notre application Bluetooth\u00ae.<\/li>\n<li>AI-precise : la tondeuse robot SILENO passe partout et ma\u00eetrise tout type de pelouses m\u00eame les plus complexes.<\/li>\n<li>Silencieuse : avec un niveau sonore de seulement 57 (dB)A, la tondeuse robot assure une tonte silencieuse et efficace.<\/li>\n<li>Auto Weather &amp; Terrain : fonctionne par tous les temps, au soleil ou sous la pluie.<\/li>\n<li>Inclus dans la livraison : 1 x SILENO life 750 m\u00b2, incl. 1 x station de charge, incl. 1 x 200 m de c\u00e2ble p\u00e9riph\u00e9rique, incl. 300 x cavaliers, incl. 5 x connecteurs, incl. 4 x raccords de c\u00e2ble<\/li>\n<\/ul>\n<p>&nbsp;<\/p>\n<\/div>","protected":false},"excerpt":{"rendered":"<p>SILENO life excelle en pr\u00e9cision et en performance, id\u00e9al pour les surfaces de taille moyenne. Connect\u00e9e : la tondeuse robot<\/p>","protected":false},"featured_media":3991,"comment_status":"closed","ping_status":"closed","template":"","meta":[],"product_brand":[33],"product_cat":[46],"product_tag":[],"class_list":{"0":"post-4069","1":"product","2":"type-product","3":"status-publish","4":"has-post-thumbnail","6":"product_brand-gardena","7":"product_cat-robots-tondeuses","9":"first","10":"instock","11":"taxable","12":"shipping-taxable","13":"purchasable","14":"product-type-simple"},"jetpack_sharing_enabled":true,"_links":{"self":[{"href":"https:\/\/tondeuse-auto.ch\/de\/wp-json\/wp\/v2\/product\/4069","targetHints":{"allow":["GET"]}}],"collection":[{"href":"https:\/\/tondeuse-auto.ch\/de\/wp-json\/wp\/v2\/product"}],"about":[{"href":"https:\/\/tondeuse-auto.ch\/de\/wp-json\/wp\/v2\/types\/product"}],"replies":[{"embeddable":true,"href":"https:\/\/tondeuse-auto.ch\/de\/wp-json\/wp\/v2\/comments?post=4069"}],"version-history":[{"count":1,"href":"https:\/\/tondeuse-auto.ch\/de\/wp-json\/wp\/v2\/product\/4069\/revisions"}],"predecessor-version":[{"id":4096,"href":"https:\/\/tondeuse-auto.ch\/de\/wp-json\/wp\/v2\/product\/4069\/revisions\/4096"}],"wp:featuredmedia":[{"embeddable":true,"href":"https:\/\/tondeuse-auto.ch\/de\/wp-json\/wp\/v2\/media\/3991"}],"wp:attachment":[{"href":"https:\/\/tondeuse-auto.ch\/de\/wp-json\/wp\/v2\/media?parent=4069"}],"wp:term":[{"taxonomy":"product_brand","embeddable":true,"href":"https:\/\/tondeuse-auto.ch\/de\/wp-json\/wp\/v2\/product_brand?post=4069"},{"taxonomy":"product_cat","embeddable":true,"href":"https:\/\/tondeuse-auto.ch\/de\/wp-json\/wp\/v2\/product_cat?post=4069"},{"taxonomy":"product_tag","embeddable":true,"href":"https:\/\/tondeuse-auto.ch\/de\/wp-json\/wp\/v2\/product_tag?post=4069"}],"curies":[{"name":"wp","href":"https:\/\/api.w.org\/{rel}","templated":true}]}}