{"id":3893,"date":"2026-04-02T07:32:08","date_gmt":"2026-04-02T05:32:08","guid":{"rendered":"http:\/\/&#038;p=3893"},"modified":"2026-04-03T02:52:34","modified_gmt":"2026-04-03T02:52:34","slug":"stiga-estate-584e","status":"publish","type":"product","link":"https:\/\/tondeuse-auto.ch\/de\/produkt\/stiga-estate-584e\/","title":{"rendered":"Stiga Estate 584e"},"content":{"rendered":"<p class=\"yVWuFvz5 yVWuFvz6 yVWuFvz8\">L&rsquo;Estate 584e combine le confort silencieux et sans carburant d&rsquo;une tondeuse \u00e0 gazon \u00e0 batterie avec la puissance d&rsquo;un tracteur \u00e0 essence. Il est propuls\u00e9 par un puissant pack de batteries STIGA 40Ah (Li-Ion), d\u00e9velopp\u00e9 et test\u00e9 par Stiga en Italie, qui vous permet de tondre jusqu&rsquo;\u00e0 4000 m\u00b2 avec une seule charge. De plus, il dispose de fonctionnalit\u00e9s essentielles telles qu&rsquo;un tableau de bord avec mode Eco, r\u00e9gulateur de vitesse et phares LED pour tondre dans des conditions de faible luminosit\u00e9. Le Kombi 584e est \u00e9galement livr\u00e9 avec un grand bac de ramassage de 240 litres et un kit de mulching (vendu s\u00e9par\u00e9ment) si vous pr\u00e9f\u00e9rez r\u00e9partir les r\u00e9sidus de coupe finement sur votre pelouse.<\/p>\n<ul class=\"yVWuFvzC\">\n<li class=\"yVWuFvzD yVWuFvzE yVWuFvzF\">Tondeuse \u00e0 gazon \u00e0 batterie, sans essence et sans stress<\/li>\n<li class=\"yVWuFvzD yVWuFvzE yVWuFvzF\">Ultra-moderne et \u00e9quip\u00e9e de nombreuses fonctionnalit\u00e9s &#8211; d\u00e9marrage rapide, mode Eco, r\u00e9gulateur de vitesse, phares LED, et plus encore<\/li>\n<li class=\"yVWuFvzD yVWuFvzE yVWuFvzF\">Comprend un bac de ramassage de 240 l et un kit de mulching (vendu s\u00e9par\u00e9ment)<\/li>\n<li class=\"yVWuFvzD yVWuFvzE yVWuFvzF\">Moteur transaxle puissant de 1,2 kW et deux moteurs de lame totalisant 3 kW<\/li>\n<li class=\"yVWuFvzD yVWuFvzE yVWuFvzF\">Largeur de coupe de 84 cm, r\u00e9glable sur 7 hauteurs diff\u00e9rentes<\/li>\n<li class=\"yVWuFvzD yVWuFvzE yVWuFvzF\">Kit de mulching et chargeur rapide inclus. Attelage vendu s\u00e9par\u00e9ment.<\/li>\n<\/ul>","protected":false},"excerpt":{"rendered":"<div class=\"yTnmvJu1\">\n<div class=\"yZQgvmV yZQgvmV1 yxKaXMd1\">\n<table class=\"yxKaXMd yao2wOS1\">\n<caption class=\"yao2wOSb\">\n<h3 class=\"yqD32XT8 yrKTEQa\">Sp\u00e9cifications principales<\/h3>\n<\/caption>\n<tbody>\n<tr class=\"yOkvvt63 yuy9OxC yuy9OxC2 yuy9OxC3 yuy9OxC5\">\n<td class=\"yOkvvt64 yOkvvt65 yOkvvt6B yOkvvt6C yOkvvt6E\">\n<div class=\"ywIf8Ay\">Type de tondeuse \u00e0 gazon<\/div>\n<\/td>\n<td class=\"yOkvvt64 yOkvvt65 yOkvvt6B yOkvvt6C yOkvvt6E\">Tracteur de pelouse<\/td>\n<\/tr>\n<tr class=\"yOkvvt63 yuy9OxC yuy9OxC2 yuy9OxC3 yuy9OxC5\">\n<td class=\"yOkvvt64 yOkvvt65 yOkvvt6B yOkvvt6C yOkvvt6E\">\n<div class=\"ywIf8Ay\">Largeur de coupe<\/div>\n<\/td>\n<td class=\"yOkvvt64 yOkvvt65 yOkvvt6B yOkvvt6C yOkvvt6E\">84\u00a0cm<\/td>\n<\/tr>\n<tr class=\"yOkvvt63 yuy9OxC yuy9OxC2 yuy9OxC3 yuy9OxC5\">\n<td class=\"yOkvvt64 yOkvvt65 yOkvvt6B yOkvvt6C yOkvvt6E\">\n<div class=\"ywIf8Ay\">Hauteur de coupe<\/div>\n<\/td>\n<td class=\"yOkvvt64 yOkvvt65 yOkvvt6B yOkvvt6C yOkvvt6E\">25 &#8211; 80 mm<\/td>\n<\/tr>\n<tr class=\"yOkvvt63 yuy9OxC yuy9OxC2 yuy9OxC3 yuy9OxC5\">\n<td class=\"yOkvvt64 yOkvvt65 yOkvvt6B yOkvvt6C yOkvvt6E\">\n<div class=\"ywIf8Ay\">Surface de pelouse recommand\u00e9e jusqu&rsquo;\u00e0<\/div>\n<\/td>\n<td class=\"yOkvvt64 yOkvvt65 yOkvvt6B yOkvvt6C yOkvvt6E\">4000\u00a0m\u00b2<\/td>\n<\/tr>\n<tr class=\"yOkvvt63 yuy9OxC yuy9OxC2 yuy9OxC3 yuy9OxC5\">\n<td class=\"yOkvvt64 yOkvvt65 yOkvvt6B yOkvvt6C yOkvvt6E\">\n<div class=\"ywIf8Ay\">\u00c9quipement<\/div>\n<\/td>\n<td class=\"yOkvvt64 yOkvvt65 yOkvvt6B yOkvvt6C yOkvvt6E\">\n<div class=\"yQqusFs1\"><span class=\"yQqusFs\">Fonction mulching,\u00a0<\/span><span class=\"yQqusFs\">Panier de collecte<\/span><\/div>\n<\/td>\n<\/tr>\n<tr class=\"yOkvvt63 yuy9OxC yuy9OxC2 yuy9OxC3 yuy9OxC5\">\n<td class=\"yOkvvt64 yOkvvt65 yOkvvt6B yOkvvt6C yOkvvt6E\">\n<div class=\"ywIf8Ay\">\u00c9quipement Batterie<\/div>\n<\/td>\n<td class=\"yOkvvt64 yOkvvt65 yOkvvt6B yOkvvt6C yOkvvt6E\">1 batterie fournie<\/td>\n<\/tr>\n<tr class=\"yOkvvt63 yuy9OxC yuy9OxC2 yuy9OxC3 yuy9OxC5\">\n<td class=\"yOkvvt64 yOkvvt65 yOkvvt6B yOkvvt6C yOkvvt6E\">\n<div class=\"ywIf8Ay\">Puissance<\/div>\n<\/td>\n<td class=\"yOkvvt64 yOkvvt65 yOkvvt6B yOkvvt6C yOkvvt6E\">3000\u00a0W<\/td>\n<\/tr>\n<\/tbody>\n<\/table>\n<\/div>\n<\/div>\n<div id=\"\u00abrfa\u00bb\" class=\"yqCAcxE1 yqCAcxE3\">\n<div class=\"yTnmvJu1\">\n<div class=\"yxKaXMd1\">\n<table class=\"yxKaXMd yao2wOS1\">\n<caption class=\"yao2wOSb\">\n<h3 class=\"yqD32XT8 yrKTEQa\">Informations g\u00e9n\u00e9rales<\/h3>\n<\/caption>\n<tbody>\n<tr class=\"yOkvvt63 yuy9OxC yuy9OxC2 yuy9OxC3 yuy9OxC5\">\n<td class=\"yOkvvt64 yOkvvt65 yOkvvt6B yOkvvt6C yOkvvt6E\">\n<div class=\"ywIf8Ay\">Num\u00e9ro d&rsquo;article<\/div>\n<\/td>\n<td class=\"yOkvvt64 yOkvvt65 yOkvvt6B yOkvvt6C yOkvvt6E\">40741494<\/td>\n<\/tr>\n<tr class=\"yOkvvt63 yuy9OxC yuy9OxC2 yuy9OxC3 yuy9OxC5\">\n<td class=\"yOkvvt64 yOkvvt65 yOkvvt6B yOkvvt6C yOkvvt6E\">\n<div class=\"ywIf8Ay\">Fabricant<\/div>\n<\/td>\n<td class=\"yOkvvt64 yOkvvt65 yOkvvt6B yOkvvt6C yOkvvt6E\"><a class=\"yRfMIL6 yRfMIL66\" href=\"https:\/\/www.galaxus.ch\/fr\/brand\/stiga-4994\">Stiga<\/a><\/td>\n<\/tr>\n<tr class=\"yOkvvt63 yuy9OxC yuy9OxC2 yuy9OxC3 yuy9OxC5\">\n<td class=\"yOkvvt64 yOkvvt65 yOkvvt6B yOkvvt6C yOkvvt6E\">\n<div class=\"ywIf8Ay\">Cat\u00e9gorie<\/div>\n<\/td>\n<td class=\"yOkvvt64 yOkvvt65 yOkvvt6B yOkvvt6C yOkvvt6E\"><a class=\"yRfMIL6 yRfMIL66\" href=\"https:\/\/www.galaxus.ch\/fr\/s4\/producttype\/tondeuse-a-gazon-165\">Tondeuse \u00e0 gazon<\/a><\/td>\n<\/tr>\n<tr class=\"yOkvvt63 yuy9OxC yuy9OxC2 yuy9OxC3 yuy9OxC5\">\n<td class=\"yOkvvt64 yOkvvt65 yOkvvt6B yOkvvt6C yOkvvt6E\">\n<div class=\"ywIf8Ay\">R\u00e9f. du fabricant<\/div>\n<\/td>\n<td class=\"yOkvvt64 yOkvvt65 yOkvvt6B yOkvvt6C yOkvvt6E\">2T2205481\/ST2<\/td>\n<\/tr>\n<tr class=\"yOkvvt63 yuy9OxC yuy9OxC2 yuy9OxC3 yuy9OxC5\">\n<td class=\"yOkvvt64 yOkvvt65 yOkvvt6B yOkvvt6C yOkvvt6E\">\n<div class=\"ywIf8Ay\">Date de sortie<\/div>\n<\/td>\n<td class=\"yOkvvt64 yOkvvt65 yOkvvt6B yOkvvt6C yOkvvt6E\">5\/12\/2023<\/td>\n<\/tr>\n<\/tbody>\n<\/table>\n<\/div>\n<div class=\"yxKaXMd1\">\n<table class=\"yxKaXMd yao2wOS1\">\n<caption class=\"yao2wOSb\">\n<h3 class=\"yqD32XT8 yrKTEQa\">Couleur<\/h3>\n<\/caption>\n<tbody>\n<tr class=\"yOkvvt63 yuy9OxC yuy9OxC2 yuy9OxC3 yuy9OxC5\">\n<td class=\"yOkvvt64 yOkvvt65 yOkvvt6B yOkvvt6C yOkvvt6E\">\n<div class=\"ywIf8Ay\">Couleur<\/div>\n<\/td>\n<td class=\"yOkvvt64 yOkvvt65 yOkvvt6B yOkvvt6C yOkvvt6E\">\n<div class=\"yQqusFs1\"><span class=\"yQqusFs\">Jaune,\u00a0<\/span><span class=\"yQqusFs\">Noir<\/span><\/div>\n<\/td>\n<\/tr>\n<tr class=\"yOkvvt63 yuy9OxC yuy9OxC2 yuy9OxC3 yuy9OxC5\">\n<td class=\"yOkvvt64 yOkvvt65 yOkvvt6B yOkvvt6C yOkvvt6E\">\n<div class=\"ywIf8Ay\">Couleur exacte<\/div>\n<\/td>\n<td class=\"yOkvvt64 yOkvvt65 yOkvvt6B yOkvvt6C yOkvvt6E\">Noir<\/td>\n<\/tr>\n<\/tbody>\n<\/table>\n<\/div>\n<div class=\"yxKaXMd1\">\n<table class=\"yxKaXMd yao2wOS1\">\n<caption class=\"yao2wOSb\">\n<h3 class=\"yqD32XT8 yrKTEQa\">Mat\u00e9riau<\/h3>\n<\/caption>\n<tbody>\n<tr class=\"yOkvvt63 yuy9OxC yuy9OxC2 yuy9OxC3 yuy9OxC5\">\n<td class=\"yOkvvt64 yOkvvt65 yOkvvt6B yOkvvt6C yOkvvt6E\">\n<div class=\"ywIf8Ay\">Groupe de mat\u00e9riaux<\/div>\n<\/td>\n<td class=\"yOkvvt64 yOkvvt65 yOkvvt6B yOkvvt6C yOkvvt6E\">\n<div class=\"yQqusFs1\"><span class=\"yQqusFs\">Mati\u00e8res plastiques,\u00a0<\/span><span class=\"yQqusFs\">M\u00e9tal<\/span><\/div>\n<\/td>\n<\/tr>\n<tr class=\"yOkvvt63 yuy9OxC yuy9OxC2 yuy9OxC3 yuy9OxC5\">\n<td class=\"yOkvvt64 yOkvvt65 yOkvvt6B yOkvvt6C yOkvvt6E\">\n<div class=\"ywIf8Ay\">Mat\u00e9riau<\/div>\n<\/td>\n<td class=\"yOkvvt64 yOkvvt65 yOkvvt6B yOkvvt6C yOkvvt6E\">Mati\u00e8res plastiques<\/td>\n<\/tr>\n<\/tbody>\n<\/table>\n<\/div>\n<div class=\"yxKaXMd1\">\n<table class=\"yxKaXMd yao2wOS1\">\n<caption class=\"yao2wOSb\">\n<h3 class=\"yqD32XT8 yrKTEQa\">Propri\u00e9t\u00e9s de la tondeuse \u00e0 gazon<\/h3>\n<\/caption>\n<tbody>\n<tr class=\"yOkvvt63 yuy9OxC yuy9OxC2 yuy9OxC3 yuy9OxC5\">\n<td class=\"yOkvvt64 yOkvvt65 yOkvvt6B yOkvvt6C yOkvvt6E\">\n<div class=\"ywIf8Ay\">Type de tondeuse \u00e0 gazon<\/div>\n<\/td>\n<td class=\"yOkvvt64 yOkvvt65 yOkvvt6B yOkvvt6C yOkvvt6E\">Tracteur de pelouse<\/td>\n<\/tr>\n<tr class=\"yOkvvt63 yuy9OxC yuy9OxC2 yuy9OxC3 yuy9OxC5\">\n<td class=\"yOkvvt64 yOkvvt65 yOkvvt6B yOkvvt6C yOkvvt6E\">\n<div class=\"ywIf8Ay\">Nombre de niveaux de coupe<\/div>\n<\/td>\n<td class=\"yOkvvt64 yOkvvt65 yOkvvt6B yOkvvt6C yOkvvt6E\">7x<\/td>\n<\/tr>\n<tr class=\"yOkvvt63 yuy9OxC yuy9OxC2 yuy9OxC3 yuy9OxC5\">\n<td class=\"yOkvvt64 yOkvvt65 yOkvvt6B yOkvvt6C yOkvvt6E\">\n<div class=\"ywIf8Ay\">Largeur de coupe<\/div>\n<\/td>\n<td class=\"yOkvvt64 yOkvvt65 yOkvvt6B yOkvvt6C yOkvvt6E\">84\u00a0cm<\/td>\n<\/tr>\n<tr class=\"yOkvvt63 yuy9OxC yuy9OxC2 yuy9OxC3 yuy9OxC5\">\n<td class=\"yOkvvt64 yOkvvt65 yOkvvt6B yOkvvt6C yOkvvt6E\">\n<div class=\"ywIf8Ay\">Hauteur de coupe<\/div>\n<\/td>\n<td class=\"yOkvvt64 yOkvvt65 yOkvvt6B yOkvvt6C yOkvvt6E\">25 &#8211; 80 mm<\/td>\n<\/tr>\n<tr class=\"yOkvvt63 yuy9OxC yuy9OxC2 yuy9OxC3 yuy9OxC5\">\n<td class=\"yOkvvt64 yOkvvt65 yOkvvt6B yOkvvt6C yOkvvt6E\">\n<div class=\"ywIf8Ay\">Surface de pelouse recommand\u00e9e jusqu&rsquo;\u00e0<\/div>\n<\/td>\n<td class=\"yOkvvt64 yOkvvt65 yOkvvt6B yOkvvt6C yOkvvt6E\">4000\u00a0m\u00b2<\/td>\n<\/tr>\n<tr class=\"yOkvvt63 yuy9OxC yuy9OxC2 yuy9OxC3 yuy9OxC5\">\n<td class=\"yOkvvt64 yOkvvt65 yOkvvt6B yOkvvt6C yOkvvt6E\">\n<div class=\"ywIf8Ay\">\u00c9quipement<\/div>\n<\/td>\n<td class=\"yOkvvt64 yOkvvt65 yOkvvt6B yOkvvt6C yOkvvt6E\">\n<div class=\"yQqusFs1\"><span class=\"yQqusFs\">Fonction mulching,\u00a0<\/span><span class=\"yQqusFs\">Panier de collecte<\/span><\/div>\n<\/td>\n<\/tr>\n<tr class=\"yOkvvt63 yuy9OxC yuy9OxC2 yuy9OxC3 yuy9OxC5\">\n<td class=\"yOkvvt64 yOkvvt65 yOkvvt6B yOkvvt6C yOkvvt6E\">\n<div class=\"ywIf8Ay\">Volume du bac\/du sac<\/div>\n<\/td>\n<td class=\"yOkvvt64 yOkvvt65 yOkvvt6B yOkvvt6C yOkvvt6E\">240\u00a0l<\/td>\n<\/tr>\n<\/tbody>\n<\/table>\n<\/div>\n<div class=\"yxKaXMd1\">\n<table class=\"yxKaXMd yao2wOS1\">\n<caption class=\"yao2wOSb\">\n<h3 class=\"yqD32XT8 yrKTEQa\">Approvisionnement en \u00e9nergie<\/h3>\n<\/caption>\n<tbody>\n<tr class=\"yOkvvt63 yuy9OxC yuy9OxC2 yuy9OxC3 yuy9OxC5\">\n<td class=\"yOkvvt64 yOkvvt65 yOkvvt6B yOkvvt6C yOkvvt6E\">\n<div class=\"ywIf8Ay\">Alimentation<\/div>\n<\/td>\n<td class=\"yOkvvt64 yOkvvt65 yOkvvt6B yOkvvt6C yOkvvt6E\">Fonctionnement sur batterie<\/td>\n<\/tr>\n<\/tbody>\n<\/table>\n<\/div>\n<div class=\"yxKaXMd1\">\n<table class=\"yxKaXMd yao2wOS1\">\n<caption class=\"yao2wOSb\">\n<h3 class=\"yqD32XT8 yrKTEQa\">Caract\u00e9ristiques de la pile \/ batterie<\/h3>\n<\/caption>\n<tbody>\n<tr class=\"yOkvvt63 yuy9OxC yuy9OxC2 yuy9OxC3 yuy9OxC5\">\n<td class=\"yOkvvt64 yOkvvt65 yOkvvt6B yOkvvt6C yOkvvt6E\">\n<div class=\"ywIf8Ay\">Type de pile \/ batterie<\/div>\n<\/td>\n<td class=\"yOkvvt64 yOkvvt65 yOkvvt6B yOkvvt6C yOkvvt6E\">Li-ion<\/td>\n<\/tr>\n<tr class=\"yOkvvt63 yuy9OxC yuy9OxC2 yuy9OxC3 yuy9OxC5\">\n<td class=\"yOkvvt64 yOkvvt65 yOkvvt6B yOkvvt6C yOkvvt6E\">\n<div class=\"ywIf8Ay\">Tension de la batterie<\/div>\n<\/td>\n<td class=\"yOkvvt64 yOkvvt65 yOkvvt6B yOkvvt6C yOkvvt6E\">48 V<\/td>\n<\/tr>\n<tr class=\"yOkvvt63 yuy9OxC yuy9OxC2 yuy9OxC3 yuy9OxC5\">\n<td class=\"yOkvvt64 yOkvvt65 yOkvvt6B yOkvvt6C yOkvvt6E\">\n<div class=\"ywIf8Ay\">Capacit\u00e9 de puissance<\/div>\n<\/td>\n<td class=\"yOkvvt64 yOkvvt65 yOkvvt6B yOkvvt6C yOkvvt6E\">2000\u00a0Wh<\/td>\n<\/tr>\n<tr class=\"yOkvvt63 yuy9OxC yuy9OxC2 yuy9OxC3 yuy9OxC5\">\n<td class=\"yOkvvt64 yOkvvt65 yOkvvt6B yOkvvt6C yOkvvt6E\">\n<div class=\"ywIf8Ay\">Temps de charge<\/div>\n<\/td>\n<td class=\"yOkvvt64 yOkvvt65 yOkvvt6B yOkvvt6C yOkvvt6E\">2.75\u00a0h<\/td>\n<\/tr>\n<tr class=\"yOkvvt63 yuy9OxC yuy9OxC2 yuy9OxC3 yuy9OxC5\">\n<td class=\"yOkvvt64 yOkvvt65 yOkvvt6B yOkvvt6C yOkvvt6E\">\n<div class=\"ywIf8Ay\">\u00c9quipement Batterie<\/div>\n<\/td>\n<td class=\"yOkvvt64 yOkvvt65 yOkvvt6B yOkvvt6C yOkvvt6E\">1 batterie fournie<\/td>\n<\/tr>\n<tr class=\"yOkvvt63 yuy9OxC yuy9OxC2 yuy9OxC3 yuy9OxC5\">\n<td class=\"yOkvvt64 yOkvvt65 yOkvvt6B yOkvvt6C yOkvvt6E\">\n<div class=\"ywIf8Ay\">\u00c9quipement du chargeur<\/div>\n<\/td>\n<td class=\"yOkvvt64 yOkvvt65 yOkvvt6B yOkvvt6C yOkvvt6E\">Chargeur fourni<\/td>\n<\/tr>\n<\/tbody>\n<\/table>\n<\/div>\n<div class=\"yxKaXMd1\">\n<table class=\"yxKaXMd yao2wOS1\">\n<caption class=\"yao2wOSb\">\n<h3 class=\"yqD32XT8 yrKTEQa\">Performance<\/h3>\n<\/caption>\n<tbody>\n<tr class=\"yOkvvt63 yuy9OxC yuy9OxC2 yuy9OxC3 yuy9OxC5\">\n<td class=\"yOkvvt64 yOkvvt65 yOkvvt6B yOkvvt6C yOkvvt6E\">\n<div class=\"ywIf8Ay\">Puissance<\/div>\n<\/td>\n<td class=\"yOkvvt64 yOkvvt65 yOkvvt6B yOkvvt6C yOkvvt6E\">3000\u00a0W<\/td>\n<\/tr>\n<\/tbody>\n<\/table>\n<\/div>\n<div class=\"yxKaXMd1\">\n<table class=\"yxKaXMd yao2wOS1\">\n<caption class=\"yao2wOSb\">\n<h3 class=\"yqD32XT8 yrKTEQa\">Provenance<\/h3>\n<\/caption>\n<tbody>\n<tr class=\"yOkvvt63 yuy9OxC yuy9OxC2 yuy9OxC3 yuy9OxC5\">\n<td class=\"yOkvvt64 yOkvvt65 yOkvvt6B yOkvvt6C yOkvvt6E\">\n<div class=\"ywIf8Ay\">Pays d&rsquo;origine<button class=\"ylu1hrb\" tabindex=\"0\" role=\"button\" type=\"button\" aria-label=\"Plus d\u2019informations\" aria-haspopup=\"dialog\" aria-expanded=\"false\"><span class=\"yWEDHku\" aria-hidden=\"true\">i<\/span><\/button><\/div>\n<\/td>\n<td class=\"yOkvvt64 yOkvvt65 yOkvvt6B yOkvvt6C yOkvvt6E\">Italie<\/td>\n<\/tr>\n<\/tbody>\n<\/table>\n<\/div>\n<div class=\"yxKaXMd1\">\n<table class=\"yxKaXMd yao2wOS1\">\n<caption class=\"yao2wOSb\">\n<h3 class=\"yqD32XT8 yrKTEQa\">Contribution climatique volontaire<\/h3>\n<p><button class=\"ylu1hrb\" tabindex=\"0\" role=\"button\" type=\"button\" aria-label=\"Plus d\u2019informations\" aria-haspopup=\"dialog\" aria-expanded=\"false\"><span class=\"yWEDHku\" aria-hidden=\"true\">i<\/span><\/button><\/p>\n<\/caption>\n<tbody>\n<tr class=\"yOkvvt63 yuy9OxC yuy9OxC2 yuy9OxC3 yuy9OxC5\">\n<td class=\"yOkvvt64 yOkvvt65 yOkvvt6B yOkvvt6C yOkvvt6E\">\n<div class=\"ywIf8Ay\">CO\u2082-Emission<\/div>\n<\/td>\n<td class=\"yOkvvt64 yOkvvt65 yOkvvt6B yOkvvt6C yOkvvt6E\">2776.77\u00a0kg<\/td>\n<\/tr>\n<tr class=\"yOkvvt63 yuy9OxC yuy9OxC2 yuy9OxC3 yuy9OxC5\">\n<td class=\"yOkvvt64 yOkvvt65 yOkvvt6B yOkvvt6C yOkvvt6E\">\n<div class=\"ywIf8Ay\">Contribution climatique<\/div>\n<\/td>\n<td class=\"yOkvvt64 yOkvvt65 yOkvvt6B yOkvvt6C yOkvvt6E\">CHF\u00a066.04<\/td>\n<\/tr>\n<\/tbody>\n<\/table>\n<\/div>\n<div class=\"yxKaXMd1\">\n<table class=\"yxKaXMd yao2wOS1\">\n<caption class=\"yao2wOSb\">\n<h3 class=\"yqD32XT8 yrKTEQa\">Contenu de la livraison<\/h3>\n<\/caption>\n<tbody>\n<tr class=\"yOkvvt63 yuy9OxC yuy9OxC2 yuy9OxC3 yuy9OxC5\">\n<td class=\"yOkvvt64 yOkvvt65 yOkvvt6B yOkvvt6C yOkvvt6E\">\n<div class=\"ywIf8Ay\">Contenu de la livraison<\/div>\n<\/td>\n<td class=\"yOkvvt64 yOkvvt65 yOkvvt6B yOkvvt6C yOkvvt6E\">\n<div class=\"yQqusFs1\"><span class=\"yQqusFs\">Bac de ramassage de 240 litres,\u00a0<\/span><span class=\"yQqusFs\">Cale de broyage<\/span><\/div>\n<\/td>\n<\/tr>\n<\/tbody>\n<\/table>\n<\/div>\n<div class=\"yxKaXMd1\">\n<table class=\"yxKaXMd yao2wOS1\">\n<caption class=\"yao2wOSb\">\n<h3 class=\"yqD32XT8 yrKTEQa\">Dimensions du produit<\/h3>\n<\/caption>\n<tbody>\n<tr class=\"yOkvvt63 yuy9OxC yuy9OxC2 yuy9OxC3 yuy9OxC5\">\n<td class=\"yOkvvt64 yOkvvt65 yOkvvt6B yOkvvt6C yOkvvt6E\">\n<div class=\"ywIf8Ay\">Largeur<\/div>\n<\/td>\n<td class=\"yOkvvt64 yOkvvt65 yOkvvt6B yOkvvt6C yOkvvt6E\">90.20\u00a0cm<\/td>\n<\/tr>\n<tr class=\"yOkvvt63 yuy9OxC yuy9OxC2 yuy9OxC3 yuy9OxC5\">\n<td class=\"yOkvvt64 yOkvvt65 yOkvvt6B yOkvvt6C yOkvvt6E\">\n<div class=\"ywIf8Ay\">Hauteur<\/div>\n<\/td>\n<td class=\"yOkvvt64 yOkvvt65 yOkvvt6B yOkvvt6C yOkvvt6E\">109.80\u00a0cm<\/td>\n<\/tr>\n<tr class=\"yOkvvt63 yuy9OxC yuy9OxC2 yuy9OxC3 yuy9OxC5\">\n<td class=\"yOkvvt64 yOkvvt65 yOkvvt6B yOkvvt6C yOkvvt6E\">\n<div class=\"ywIf8Ay\">Longueur<\/div>\n<\/td>\n<td class=\"yOkvvt64 yOkvvt65 yOkvvt6B yOkvvt6C yOkvvt6E\">234\u00a0cm<\/td>\n<\/tr>\n<tr class=\"yOkvvt63 yuy9OxC yuy9OxC2 yuy9OxC3 yuy9OxC5\">\n<td class=\"yOkvvt64 yOkvvt65 yOkvvt6B yOkvvt6C yOkvvt6E\">\n<div class=\"ywIf8Ay\">Poids<\/div>\n<\/td>\n<td class=\"yOkvvt64 yOkvvt65 yOkvvt6B yOkvvt6C yOkvvt6E\">173\u00a0kg<\/td>\n<\/tr>\n<\/tbody>\n<\/table>\n<\/div>\n<div class=\"yxKaXMd1\">\n<table class=\"yxKaXMd yao2wOS1\">\n<caption class=\"yao2wOSb\">\n<h3 class=\"yqD32XT8 yrKTEQa\">Dimensions de l\u2019emballage<\/h3>\n<\/caption>\n<tbody>\n<tr class=\"yOkvvt63 yuy9OxC yuy9OxC2 yuy9OxC3 yuy9OxC5\">\n<td class=\"yOkvvt64 yOkvvt65 yOkvvt6B yOkvvt6C yOkvvt6E\">\n<div class=\"ywIf8Ay\">Longueur<\/div>\n<\/td>\n<td class=\"yOkvvt64 yOkvvt65 yOkvvt6B yOkvvt6C yOkvvt6E\">170\u00a0cm<\/td>\n<\/tr>\n<tr class=\"yOkvvt63 yuy9OxC yuy9OxC2 yuy9OxC3 yuy9OxC5\">\n<td class=\"yOkvvt64 yOkvvt65 yOkvvt6B yOkvvt6C yOkvvt6E\">\n<div class=\"ywIf8Ay\">Largeur<\/div>\n<\/td>\n<td class=\"yOkvvt64 yOkvvt65 yOkvvt6B yOkvvt6C yOkvvt6E\">110\u00a0cm<\/td>\n<\/tr>\n<tr class=\"yOkvvt63 yuy9OxC yuy9OxC2 yuy9OxC3 yuy9OxC5\">\n<td class=\"yOkvvt64 yOkvvt65 yOkvvt6B yOkvvt6C yOkvvt6E\">\n<div class=\"ywIf8Ay\">Hauteur<\/div>\n<\/td>\n<td class=\"yOkvvt64 yOkvvt65 yOkvvt6B yOkvvt6C yOkvvt6E\">80\u00a0cm<\/td>\n<\/tr>\n<tr class=\"yOkvvt63 yuy9OxC yuy9OxC2 yuy9OxC3 yuy9OxC5\">\n<td class=\"yOkvvt64 yOkvvt65 yOkvvt6B yOkvvt6C yOkvvt6E\">\n<div class=\"ywIf8Ay\">Poids<\/div>\n<\/td>\n<td class=\"yOkvvt64 yOkvvt65 yOkvvt6B yOkvvt6C yOkvvt6E\">350\u00a0kg<\/td>\n<\/tr>\n<\/tbody>\n<\/table>\n<\/div>\n<\/div>\n<\/div>","protected":false},"featured_media":4386,"comment_status":"closed","ping_status":"closed","template":"","meta":[],"product_brand":[],"product_cat":[23],"product_tag":[],"class_list":{"0":"post-3893","1":"product","2":"type-product","3":"status-publish","4":"has-post-thumbnail","6":"product_cat-non-classe","8":"first","9":"instock","10":"taxable","11":"shipping-taxable","12":"purchasable","13":"product-type-simple"},"jetpack_sharing_enabled":true,"_links":{"self":[{"href":"https:\/\/tondeuse-auto.ch\/de\/wp-json\/wp\/v2\/product\/3893","targetHints":{"allow":["GET"]}}],"collection":[{"href":"https:\/\/tondeuse-auto.ch\/de\/wp-json\/wp\/v2\/product"}],"about":[{"href":"https:\/\/tondeuse-auto.ch\/de\/wp-json\/wp\/v2\/types\/product"}],"replies":[{"embeddable":true,"href":"https:\/\/tondeuse-auto.ch\/de\/wp-json\/wp\/v2\/comments?post=3893"}],"version-history":[{"count":3,"href":"https:\/\/tondeuse-auto.ch\/de\/wp-json\/wp\/v2\/product\/3893\/revisions"}],"predecessor-version":[{"id":4387,"href":"https:\/\/tondeuse-auto.ch\/de\/wp-json\/wp\/v2\/product\/3893\/revisions\/4387"}],"wp:featuredmedia":[{"embeddable":true,"href":"https:\/\/tondeuse-auto.ch\/de\/wp-json\/wp\/v2\/media\/4386"}],"wp:attachment":[{"href":"https:\/\/tondeuse-auto.ch\/de\/wp-json\/wp\/v2\/media?parent=3893"}],"wp:term":[{"taxonomy":"product_brand","embeddable":true,"href":"https:\/\/tondeuse-auto.ch\/de\/wp-json\/wp\/v2\/product_brand?post=3893"},{"taxonomy":"product_cat","embeddable":true,"href":"https:\/\/tondeuse-auto.ch\/de\/wp-json\/wp\/v2\/product_cat?post=3893"},{"taxonomy":"product_tag","embeddable":true,"href":"https:\/\/tondeuse-auto.ch\/de\/wp-json\/wp\/v2\/product_tag?post=3893"}],"curies":[{"name":"wp","href":"https:\/\/api.w.org\/{rel}","templated":true}]}}