{"id":3822,"date":"2026-03-19T05:19:27","date_gmt":"2026-03-19T05:19:27","guid":{"rendered":"http:\/\/&#038;p=3822"},"modified":"2026-04-03T00:23:46","modified_gmt":"2026-04-03T00:23:46","slug":"husqvarna-automower-robot-305-e-nera","status":"publish","type":"product","link":"https:\/\/tondeuse-auto.ch\/de\/produkt\/husqvarna-automower-robot-305-e-nera\/","title":{"rendered":"Robot tondeuse Husqvarna Automower 305 \u2013 Jardin compact \u2013 Jusqu\u2019\u00e0 600 m\u00b2"},"content":{"rendered":"<p>Le Husqvarna Automower 305 est con\u00e7u pour les petits jardins complexes. Compact, silencieux et pr\u00e9cis, il assure une tonte r\u00e9guli\u00e8re tout en limitant les traces de roues. Son mode de tonte syst\u00e9matique dans les passages \u00e9troits am\u00e9liore les r\u00e9sultats dans les zones difficiles. Il constitue une excellente solution pour les utilisateurs recherchant un robot simple, fiable et efficace.<br \/>\nCaract\u00e9ristiques techniques<br \/>\nSurface conseill\u00e9e : jusqu\u2019\u00e0 600 m\u00b2<br \/>\nPente maximale : 40 %<br \/>\nConception : compacte, 4 roues<br \/>\nFonctions : protection antigel, minuterie m\u00e9t\u00e9o<br \/>\nSp\u00e9cificit\u00e9 : tonte syst\u00e9matique dans passages \u00e9troits<\/p>","protected":false},"excerpt":{"rendered":"<p>Capacit\u00e9<\/p>\n<p>305E NERA sans station de r\u00e9f\u00e9rence<\/p>\n<p>Capacit\u00e9 de surface<\/p>\n<p>900 m\u00b2<\/p>\n<p>Capacit\u00e9 de surface &#8211; al\u00e9atoire<\/p>\n<p>600 m\u00b2<\/p>\n<p>Capacit\u00e9 de surface &#8211; syst\u00e9matique<\/p>\n<p>900 m\u00b2<\/p>\n<p>Pente maxi \u00e0 la p\u00e9riph\u00e9rie<\/p>\n<p>11 \u00b0<\/p>\n<p>Pente maxi en limite de fil<\/p>\n<p>20 %<\/p>\n<p>Inclinaison maximale au travail<\/p>\n<p>30 %<\/p>\n<p>Temps actif maximal<\/p>\n<p>15 h<\/p>\n<p>Suivre le c\u00e2ble guide<\/p>\n<p>2<\/p>\n<p>Syst\u00e8me de rechargement<\/p>\n<p>Automatique<\/p>\n<p>Syst\u00e8me de coupe<\/p>\n<p>305E NERA sans station de r\u00e9f\u00e9rence<\/p>\n<p>Syst\u00e8me de coupe<\/p>\n<p>2 disques avec 3 lames pivotantes aiguis\u00e9es<\/p>\n<p>Hauteurs de coupe max<\/p>\n<p>55 mm<\/p>\n<p>Hauteurs de coupe min<\/p>\n<p>20 mm<\/p>\n<p>Largeur de coupe<\/p>\n<p>22 cm<\/p>\n<p>R\u00e9glage de la hauteur de coupe<\/p>\n<p>\u00c9lectrique<\/p>\n<p>Protection anti-encastrement<\/p>\n<p>Oui<\/p>\n<p>Deux syst\u00e8mes de tonte<\/p>\n<p>Oui<\/p>\n<p>Donn\u00e9es relatives au produit<\/p>\n<p>305E NERA sans station de r\u00e9f\u00e9rence<\/p>\n<p>GTIN-13\/EAN<\/p>\n<p>7333377756335<\/p>\n<p>Brand (Ext. Matl Group)<\/p>\n<p>Husqvarna<\/p>\n<p>Code couleur<\/p>\n<p>Gris<\/p>\n<p>Niveau sonore mesur\u00e9 selon ISO11094<\/p>\n<p>60 dB(A)<\/p>\n<p>Indice de protection (code IP)<\/p>\n<p>IPX5<\/p>\n<p>Capacit\u00e9 de l&rsquo;accu\/batterie<\/p>\n<p>2 Ah<\/p>\n<p>Intensit\u00e9<\/p>\n<p>2,2 A<\/p>\n<p>Temps moyen de tonte par charge<\/p>\n<p>50 min<\/p>\n<p>Consommation moyenne d&rsquo;\u00e9nergie lors d&rsquo;un usage maximal<\/p>\n<p>7 kWh<\/p>\n<p>Type de l&rsquo;accu\/batterie<\/p>\n<p>Li-ion<\/p>\n<p>Type de poign\u00e9e<\/p>\n<p>Integr\u00e9<\/p>\n<p>Contr\u00f4le<\/p>\n<p>305E NERA sans station de r\u00e9f\u00e9rence<\/p>\n<p>Interface utilisateur<\/p>\n<p>Molette, \u00e9cran et LED d&rsquo;\u00e9tat\/app<\/p>\n<p>Tableau de bord<\/p>\n<p>\u00c9cran couleur TFT 2,8\u201d QVGA<\/p>\n<p>Fonction timer<\/p>\n<p>Oui<\/p>\n<p>Connectivit\u00e9<\/p>\n<p>Bluetooth\u00ae<\/p>\n<p>Contr\u00f4l\u00e9 par application<\/p>\n<p>Automower\u00ae Connect<\/p>\n<p>Int\u00e9gration Smart Home<\/p>\n<p>Oui<\/p>\n<p>Mise \u00e0 jour du firmware<\/p>\n<p>FOTA<\/p>\n<p>Dimensions hors tout<\/p>\n<p>305E NERA sans station de r\u00e9f\u00e9rence<\/p>\n<p>Hauteur de l&#8217;emballage<\/p>\n<p>340 mm<\/p>\n<p>Longueur d&#8217;emballage<\/p>\n<p>860 mm<\/p>\n<p>Largeur d&#8217;emballage<\/p>\n<p>590 mm<\/p>\n<p>Poids<\/p>\n<p>12,6 kg<\/p>\n<p>Dimension du produit, lxpxh Length<\/p>\n<p>68 cm<\/p>\n<p>Dimension du produit, lxpxh Width<\/p>\n<p>44 cm<\/p>\n<p>Dimension du produit, lxpxh Height<\/p>\n<p>28 cm<\/p>\n<p>S\u00e9curit\u00e9<\/p>\n<p>305E NERA sans station de r\u00e9f\u00e9rence<\/p>\n<p>GPS Anti-Vol<\/p>\n<p>Non<\/p>\n<p>Code PIN<\/p>\n<p>Oui<\/p>\n<p>Alarme<\/p>\n<p>Oui<\/p>\n<p>Capteur de soul\u00e8vement<\/p>\n<p>Oui<\/p>\n<p>Capteur d&rsquo;inclinaison<\/p>\n<p>Oui<\/p>\n<p>\u00c9quipement<\/p>\n<p>305E NERA sans station de r\u00e9f\u00e9rence<\/p>\n<p>Station de charge<\/p>\n<p>Oui<\/p>\n<p>Lames suppl\u00e9mentaires<\/p>\n<p>6 pcs<\/p>\n<p>Unit\u00e9 d&rsquo;alimentation<\/p>\n<p>Oui<\/p>\n<p>Low voltage cable<\/p>\n<p>10 m<\/p>","protected":false},"featured_media":4056,"comment_status":"closed","ping_status":"closed","template":"","meta":[],"product_brand":[36],"product_cat":[46],"product_tag":[],"class_list":{"0":"post-3822","1":"product","2":"type-product","3":"status-publish","4":"has-post-thumbnail","6":"product_brand-husqvarna","7":"product_cat-robots-tondeuses","9":"first","10":"instock","11":"taxable","12":"shipping-taxable","13":"purchasable","14":"product-type-simple"},"jetpack_sharing_enabled":true,"_links":{"self":[{"href":"https:\/\/tondeuse-auto.ch\/de\/wp-json\/wp\/v2\/product\/3822","targetHints":{"allow":["GET"]}}],"collection":[{"href":"https:\/\/tondeuse-auto.ch\/de\/wp-json\/wp\/v2\/product"}],"about":[{"href":"https:\/\/tondeuse-auto.ch\/de\/wp-json\/wp\/v2\/types\/product"}],"replies":[{"embeddable":true,"href":"https:\/\/tondeuse-auto.ch\/de\/wp-json\/wp\/v2\/comments?post=3822"}],"version-history":[{"count":3,"href":"https:\/\/tondeuse-auto.ch\/de\/wp-json\/wp\/v2\/product\/3822\/revisions"}],"predecessor-version":[{"id":4117,"href":"https:\/\/tondeuse-auto.ch\/de\/wp-json\/wp\/v2\/product\/3822\/revisions\/4117"}],"wp:featuredmedia":[{"embeddable":true,"href":"https:\/\/tondeuse-auto.ch\/de\/wp-json\/wp\/v2\/media\/4056"}],"wp:attachment":[{"href":"https:\/\/tondeuse-auto.ch\/de\/wp-json\/wp\/v2\/media?parent=3822"}],"wp:term":[{"taxonomy":"product_brand","embeddable":true,"href":"https:\/\/tondeuse-auto.ch\/de\/wp-json\/wp\/v2\/product_brand?post=3822"},{"taxonomy":"product_cat","embeddable":true,"href":"https:\/\/tondeuse-auto.ch\/de\/wp-json\/wp\/v2\/product_cat?post=3822"},{"taxonomy":"product_tag","embeddable":true,"href":"https:\/\/tondeuse-auto.ch\/de\/wp-json\/wp\/v2\/product_tag?post=3822"}],"curies":[{"name":"wp","href":"https:\/\/api.w.org\/{rel}","templated":true}]}}