{"id":3801,"date":"2026-03-19T01:29:20","date_gmt":"2026-03-19T01:29:20","guid":{"rendered":"http:\/\/&#038;p=3801"},"modified":"2026-04-03T03:01:59","modified_gmt":"2026-04-03T03:01:59","slug":"pulverisateur-souffleur-a-batterie-as1200-ac1","status":"publish","type":"product","link":"https:\/\/tondeuse-auto.ch\/de\/produkt\/pulverisateur-souffleur-a-batterie-as1200-ac1\/","title":{"rendered":"Pulv\u00e9risateur souffleur \u00e0 batterie AS1200 AC1"},"content":{"rendered":"<p>Souffleur \u00e0 batterie professionnel avec syst\u00e8me CAS, vitesse d\u2019air jusqu\u2019\u00e0 65 m\/s et autonomie jusqu\u2019\u00e0 6 heures.<\/p>\n<p>Le AS1200 AC1 Birchmeier est un pulv\u00e9risateur souffleur \u00e0 batterie puissant con\u00e7u pour les applications professionnelles n\u00e9cessitant un d\u00e9bit d\u2019air \u00e9lev\u00e9 et constant.<\/p>\n<p>Gr\u00e2ce au syst\u00e8me CAS (Cordless Alliance System), une seule batterie est compatible avec de nombreuses marques et appareils professionnels.<\/p>\n<p>L\u2019unit\u00e9 AS 1200 peut \u00eatre combin\u00e9e avec un pulv\u00e9risateur de la gamme Accu-Power pour une solution performante et flexible.<\/p>\n<p>Caract\u00e9ristiques principales<br \/>\nAutonomie jusqu\u2019\u00e0 6 heures<br \/>\nVitesse d\u2019air r\u00e9glable jusqu\u2019\u00e0 65 m\/s<br \/>\nMode puissance maximale suppl\u00e9mentaire<br \/>\nPort\u00e9e jusqu\u2019\u00e0 13 m\u00e8tres<br \/>\nFaible niveau sonore<br \/>\nHaute efficacit\u00e9 \u00e9nerg\u00e9tique<br \/>\nCompatible syst\u00e8me CAS<br \/>\nDonn\u00e9es techniques<br \/>\nDimensions : 464 \u00d7 160 \u00d7 304 mm<br \/>\nPoids : 3,5 kg<br \/>\nPression de service max : 10 bar<br \/>\nRemarque : CAS \u2013 une batterie pour tout<\/p>","protected":false},"excerpt":{"rendered":"<p>Souffleur \u00e0 batterie professionnel avec syst\u00e8me CAS, vitesse d\u2019air jusqu\u2019\u00e0 65 m\/s et autonomie jusqu\u2019\u00e0 6 heures. Le AS1200 AC1<\/p>","protected":false},"featured_media":4391,"comment_status":"closed","ping_status":"closed","template":"","meta":[],"product_brand":[],"product_cat":[23],"product_tag":[],"class_list":{"0":"post-3801","1":"product","2":"type-product","3":"status-publish","4":"has-post-thumbnail","6":"product_cat-non-classe","8":"first","9":"instock","10":"taxable","11":"shipping-taxable","12":"purchasable","13":"product-type-simple"},"jetpack_sharing_enabled":true,"_links":{"self":[{"href":"https:\/\/tondeuse-auto.ch\/de\/wp-json\/wp\/v2\/product\/3801","targetHints":{"allow":["GET"]}}],"collection":[{"href":"https:\/\/tondeuse-auto.ch\/de\/wp-json\/wp\/v2\/product"}],"about":[{"href":"https:\/\/tondeuse-auto.ch\/de\/wp-json\/wp\/v2\/types\/product"}],"replies":[{"embeddable":true,"href":"https:\/\/tondeuse-auto.ch\/de\/wp-json\/wp\/v2\/comments?post=3801"}],"version-history":[{"count":1,"href":"https:\/\/tondeuse-auto.ch\/de\/wp-json\/wp\/v2\/product\/3801\/revisions"}],"predecessor-version":[{"id":4392,"href":"https:\/\/tondeuse-auto.ch\/de\/wp-json\/wp\/v2\/product\/3801\/revisions\/4392"}],"wp:featuredmedia":[{"embeddable":true,"href":"https:\/\/tondeuse-auto.ch\/de\/wp-json\/wp\/v2\/media\/4391"}],"wp:attachment":[{"href":"https:\/\/tondeuse-auto.ch\/de\/wp-json\/wp\/v2\/media?parent=3801"}],"wp:term":[{"taxonomy":"product_brand","embeddable":true,"href":"https:\/\/tondeuse-auto.ch\/de\/wp-json\/wp\/v2\/product_brand?post=3801"},{"taxonomy":"product_cat","embeddable":true,"href":"https:\/\/tondeuse-auto.ch\/de\/wp-json\/wp\/v2\/product_cat?post=3801"},{"taxonomy":"product_tag","embeddable":true,"href":"https:\/\/tondeuse-auto.ch\/de\/wp-json\/wp\/v2\/product_tag?post=3801"}],"curies":[{"name":"wp","href":"https:\/\/api.w.org\/{rel}","templated":true}]}}