{"id":1410,"date":"2026-02-09T19:25:43","date_gmt":"2026-02-09T19:25:43","guid":{"rendered":"http:\/\/&#038;p=1410"},"modified":"2026-04-03T01:30:57","modified_gmt":"2026-04-03T01:30:57","slug":"z335e-tondeuse-z-track-john-deere","status":"publish","type":"product","link":"https:\/\/tondeuse-auto.ch\/de\/produkt\/z335e-tondeuse-z-track-john-deere\/","title":{"rendered":"Z335E Tondeuse Z-Track JOHN DEERE"},"content":{"rendered":"<h3 class=\"title\">Z335E Tondeuses \u00e0 rayon de braquage Z\u00e9ro<\/h3>\n<p class=\"description\">La tondeuse Z335E est notre mod\u00e8le \u00e0 rayon de braquage z\u00e9ro d&rsquo;entr\u00e9e de gamme. Elle dispose d&rsquo;une tr\u00e8s bonne finition et constitue un investissement s\u00fbr. Malgr\u00e9 sa taille r\u00e9duite, la Z335E est \u00e9quip\u00e9e d&rsquo;un moteur puissant bicylindre de 12,3 kW qui offre des performances constantes. Les leviers de commande intuitifs permettent une utilisation simple. Le plateau de coupe de 107 cm affiche des performances \u00e9lev\u00e9es. La tondeuse Z335E est le mod\u00e8le parfait pour les jardins pr\u00e9sentant de nombreux obstacles. Elle convient aux personnes \u00e0 la recherche d&rsquo;une tonte efficace et rapide.<\/p>\n<div class=\"expand-collapse-component-item shown\">\n<h4><a>Mod\u00e8le incluant un ch\u00e2ssis robuste en acier form\u00e9 et soud\u00e9<\/a><\/h4>\n<\/div>\n<div class=\"expand-collapse-component-item shown\">\n<h4><a>Moteur bicylindre en\u00a0V puissant et souple<\/a><\/h4>\n<\/div>\n<div class=\"expand-collapse-component-item shown\">\n<h4><a>Poste de conduite con\u00e7u pour le confort et la commodit\u00e9<\/a><\/h4>\n<\/div>\n<div class=\"expand-collapse-component-item shown\">\n<h4><a>Instruments et commandes pratiques et faciles \u00e0 utiliser<\/a><\/h4>\n<\/div>\n<div class=\"expand-collapse-component-item shown\">\n<h4><a>Conception pratique ax\u00e9e sur la facilit\u00e9 d\u2019entretien<\/a><\/h4>\n<p>&nbsp;<\/p>\n<table class=\"table filled-row\">\n<tbody>\n<tr>\n<th class=\"column-1\">Surface de tonte\/travail recommand\u00e9e<\/th>\n<td class=\"column-2\">jusqu&rsquo;\u00e0 8 000 m\u00b2<\/td>\n<td class=\"column-3\"><\/td>\n<td class=\"column-4\"><\/td>\n<td class=\"column-5\"><\/td>\n<\/tr>\n<tr>\n<th class=\"column-1\">Largeur de coupe<\/th>\n<td class=\"column-2\">107 cm<\/td>\n<td class=\"column-3\"><\/td>\n<td class=\"column-4\"><\/td>\n<td class=\"column-5\"><\/td>\n<\/tr>\n<tr>\n<th class=\"column-1\">Puissance moteur<\/th>\n<td class=\"column-2\">12,3 kW \/ 3 050 tr\/min<\/td>\n<td class=\"column-3\"><\/td>\n<td class=\"column-4\"><\/td>\n<td class=\"column-5\"><\/td>\n<\/tr>\n<tr>\n<th class=\"column-1\">Vitesse<\/th>\n<td class=\"column-2\">jusqu&rsquo;\u00e0 10,8 km\/h<\/td>\n<\/tr>\n<\/tbody>\n<\/table>\n<\/div>","protected":false},"excerpt":{"rendered":"<ul>\n<li>Confort d&rsquo;utilisation<\/li>\n<li>Tonte pr\u00e9cise<\/li>\n<li>Rayon de braquage z\u00e9ro<\/li>\n<li>Excellente qualit\u00e9 de fabrication<\/li>\n<\/ul>\n<p><em>Garantie 2 ans<\/em><\/p>","protected":false},"featured_media":4311,"comment_status":"closed","ping_status":"closed","template":"","meta":[],"product_brand":[37],"product_cat":[53],"product_tag":[],"class_list":{"0":"post-1410","1":"product","2":"type-product","3":"status-publish","4":"has-post-thumbnail","6":"product_brand-john","7":"product_cat-autoportees","9":"first","10":"instock","11":"taxable","12":"shipping-taxable","13":"purchasable","14":"product-type-simple"},"jetpack_sharing_enabled":true,"_links":{"self":[{"href":"https:\/\/tondeuse-auto.ch\/de\/wp-json\/wp\/v2\/product\/1410","targetHints":{"allow":["GET"]}}],"collection":[{"href":"https:\/\/tondeuse-auto.ch\/de\/wp-json\/wp\/v2\/product"}],"about":[{"href":"https:\/\/tondeuse-auto.ch\/de\/wp-json\/wp\/v2\/types\/product"}],"replies":[{"embeddable":true,"href":"https:\/\/tondeuse-auto.ch\/de\/wp-json\/wp\/v2\/comments?post=1410"}],"version-history":[{"count":1,"href":"https:\/\/tondeuse-auto.ch\/de\/wp-json\/wp\/v2\/product\/1410\/revisions"}],"predecessor-version":[{"id":4312,"href":"https:\/\/tondeuse-auto.ch\/de\/wp-json\/wp\/v2\/product\/1410\/revisions\/4312"}],"wp:featuredmedia":[{"embeddable":true,"href":"https:\/\/tondeuse-auto.ch\/de\/wp-json\/wp\/v2\/media\/4311"}],"wp:attachment":[{"href":"https:\/\/tondeuse-auto.ch\/de\/wp-json\/wp\/v2\/media?parent=1410"}],"wp:term":[{"taxonomy":"product_brand","embeddable":true,"href":"https:\/\/tondeuse-auto.ch\/de\/wp-json\/wp\/v2\/product_brand?post=1410"},{"taxonomy":"product_cat","embeddable":true,"href":"https:\/\/tondeuse-auto.ch\/de\/wp-json\/wp\/v2\/product_cat?post=1410"},{"taxonomy":"product_tag","embeddable":true,"href":"https:\/\/tondeuse-auto.ch\/de\/wp-json\/wp\/v2\/product_tag?post=1410"}],"curies":[{"name":"wp","href":"https:\/\/api.w.org\/{rel}","templated":true}]}}