{"id":1197,"date":"2026-02-08T21:18:27","date_gmt":"2026-02-08T21:18:27","guid":{"rendered":"http:\/\/&#038;p=1197"},"modified":"2026-04-03T01:30:21","modified_gmt":"2026-04-03T01:30:21","slug":"tondeuse-autoportee-alpina-at2-72","status":"publish","type":"product","link":"https:\/\/tondeuse-auto.ch\/de\/produkt\/tondeuse-autoportee-alpina-at2-72\/","title":{"rendered":"Tondeuse autoport\u00e9e Alpina AT2 72"},"content":{"rendered":"<p>De dimensions compactes et offrant une excellente maniabilit\u00e9 et une utilisation simple, la Alpina AT2 72 de 72 cm sera un excellent achat pour ceux qui cherchent \u00e0 passer d\u2019une tondeuse plus grande \u00e0 conducteur marchant!<br \/>\nL\u2019AT2 72 A est \u00e9quip\u00e9 d\u2019une transmission manuelle \u00e0 cinq vitesses (4 + 1) qui fournit un superbe rendemande sur toutes les vari\u00e9t\u00e9s de surfaces et de longueurs d\u2019herbe.<br \/>\nIl offre sept hauteurs de coupe pr\u00e9d\u00e9finies (30 \u00e0 80 mm), vous permettant ainsi d\u2019obtenir une finition parfaite. De plus, il est \u00e9quip\u00e9 d\u2019un bac de grande capacit\u00e9 de 170 litres qui garantit un rythme de travail rapide en minimisant le nombre et la fr\u00e9quence des interruptions pour le vider. L\u2019alimentation est un moteur Alpina \u00e0 quatre temps de 352 cm\u00b3 \u00e0 refroidissement par air, capable de produire une puissance impressionnante de 6,5 kW; et qui b\u00e9n\u00e9ficie d\u2019une conception OHV : r\u00e9duction des \u00e9missions, r\u00e9duction du bruit et \u00e9conomie de carburant. Les caract\u00e9ristiques de confort incluent un si\u00e8ge de conducteur Alpina Smart et un volant Alpina Ergonomic. Ce mod\u00e8le est \u00e9galement compatible mulching, avec le kit correspondant disponible en tant qu\u2019accessoire en option.<\/p>","protected":false},"excerpt":{"rendered":"<div class=\"woocommerce-product-details__short-description\">\n<div class=\"woocommerce-product-details__short-description\">\n<p>La AT2 72 A est une tondeuse autoport\u00e9e \u00e0 entra\u00eenement manuel de 352 cm3 avec moteur Alpina OHV et carter de coupe de 72 cm. Fournie avec un bac de 170 litres; kit mulching disponible s\u00e9par\u00e9ment.<\/p>\n<\/div>\n<form class=\"cart\" action=\"https:\/\/www.tondeusesenpromo.com\/produit\/at2-72-a\/\" enctype=\"multipart\/form-data\" method=\"post\">\n<div class=\"quantity\"><\/div>\n<\/form>\n<\/div>\n<form class=\"cart\" action=\"https:\/\/vert-fleur.com\/index.php\/produit\/tondeuse-autoportee\/\" enctype=\"multipart\/form-data\" method=\"post\">\n<div class=\"quantity\"><\/div>\n<\/form>","protected":false},"featured_media":4247,"comment_status":"open","ping_status":"closed","template":"","meta":[],"product_brand":[],"product_cat":[53],"product_tag":[],"class_list":{"0":"post-1197","1":"product","2":"type-product","3":"status-publish","4":"has-post-thumbnail","6":"product_cat-autoportees","8":"first","9":"instock","10":"taxable","11":"shipping-taxable","12":"purchasable","13":"product-type-simple"},"jetpack_sharing_enabled":true,"_links":{"self":[{"href":"https:\/\/tondeuse-auto.ch\/de\/wp-json\/wp\/v2\/product\/1197","targetHints":{"allow":["GET"]}}],"collection":[{"href":"https:\/\/tondeuse-auto.ch\/de\/wp-json\/wp\/v2\/product"}],"about":[{"href":"https:\/\/tondeuse-auto.ch\/de\/wp-json\/wp\/v2\/types\/product"}],"replies":[{"embeddable":true,"href":"https:\/\/tondeuse-auto.ch\/de\/wp-json\/wp\/v2\/comments?post=1197"}],"version-history":[{"count":1,"href":"https:\/\/tondeuse-auto.ch\/de\/wp-json\/wp\/v2\/product\/1197\/revisions"}],"predecessor-version":[{"id":4248,"href":"https:\/\/tondeuse-auto.ch\/de\/wp-json\/wp\/v2\/product\/1197\/revisions\/4248"}],"wp:featuredmedia":[{"embeddable":true,"href":"https:\/\/tondeuse-auto.ch\/de\/wp-json\/wp\/v2\/media\/4247"}],"wp:attachment":[{"href":"https:\/\/tondeuse-auto.ch\/de\/wp-json\/wp\/v2\/media?parent=1197"}],"wp:term":[{"taxonomy":"product_brand","embeddable":true,"href":"https:\/\/tondeuse-auto.ch\/de\/wp-json\/wp\/v2\/product_brand?post=1197"},{"taxonomy":"product_cat","embeddable":true,"href":"https:\/\/tondeuse-auto.ch\/de\/wp-json\/wp\/v2\/product_cat?post=1197"},{"taxonomy":"product_tag","embeddable":true,"href":"https:\/\/tondeuse-auto.ch\/de\/wp-json\/wp\/v2\/product_tag?post=1197"}],"curies":[{"name":"wp","href":"https:\/\/api.w.org\/{rel}","templated":true}]}}