{"id":1185,"date":"2026-02-08T21:18:26","date_gmt":"2026-02-08T21:18:26","guid":{"rendered":"http:\/\/&#038;p=1185"},"modified":"2026-04-03T01:42:04","modified_gmt":"2026-04-03T01:42:04","slug":"husqvarna-tc-130","status":"publish","type":"product","link":"https:\/\/tondeuse-auto.ch\/de\/produkt\/husqvarna-tc-130\/","title":{"rendered":"husqvarna tc 130"},"content":{"rendered":"<table class=\"techdata\">\n<tbody>\n<tr>\n<th>Fabricant du moteur<\/th>\n<td>Briggs &amp; Stratton<\/td>\n<\/tr>\n<tr>\n<th>Nom du moteur<\/th>\n<td>Husqvarna Series<\/td>\n<\/tr>\n<tr>\n<th>Puissance nette au regime pr\u00e9selectionn\u00e9<\/th>\n<td>6.3 kW @ 2800 tr\/min<\/td>\n<\/tr>\n<tr>\n<th>Cylindr\u00e9e<\/th>\n<td>344 cm\u00b3<\/td>\n<\/tr>\n<tr>\n<th>G\u00e9n\u00e9rateur<\/th>\n<td>5&amp;3 A<\/td>\n<\/tr>\n<tr>\n<th>Batterie<\/th>\n<td>12 V 28 Ah<\/td>\n<\/tr>\n<tr>\n<th>Type de carburant<\/th>\n<td>Essence<\/td>\n<\/tr>\n<\/tbody>\n<\/table>","protected":false},"excerpt":{"rendered":"<p>Le TC 130 est un tracteur de jardin facile \u00e0 utiliser, id\u00e9al pour les propri\u00e9taires de jardins de taille petite \u00e0 moyenne. Ce tracteur compact et efficace avec bac collecteur int\u00e9gr\u00e9 se distingue par son design et son ergonomie \u00e9tudi\u00e9e. Le performant moteur Husqvarna d\u00e9marre sans choke. Facilement manoeuvrable par sa forme compacte et la transmission hydrostatique command\u00e9e par p\u00e9dales. Le bac collecteur peut \u00eatre ais\u00e9ment vid\u00e9 depuis le si\u00e8ge conducteur.<\/p>","protected":false},"featured_media":4234,"comment_status":"open","ping_status":"closed","template":"","meta":[],"product_brand":[36],"product_cat":[23],"product_tag":[],"class_list":{"0":"post-1185","1":"product","2":"type-product","3":"status-publish","4":"has-post-thumbnail","6":"product_brand-husqvarna","7":"product_cat-non-classe","9":"first","10":"instock","11":"taxable","12":"shipping-taxable","13":"purchasable","14":"product-type-simple"},"jetpack_sharing_enabled":true,"_links":{"self":[{"href":"https:\/\/tondeuse-auto.ch\/de\/wp-json\/wp\/v2\/product\/1185","targetHints":{"allow":["GET"]}}],"collection":[{"href":"https:\/\/tondeuse-auto.ch\/de\/wp-json\/wp\/v2\/product"}],"about":[{"href":"https:\/\/tondeuse-auto.ch\/de\/wp-json\/wp\/v2\/types\/product"}],"replies":[{"embeddable":true,"href":"https:\/\/tondeuse-auto.ch\/de\/wp-json\/wp\/v2\/comments?post=1185"}],"version-history":[{"count":1,"href":"https:\/\/tondeuse-auto.ch\/de\/wp-json\/wp\/v2\/product\/1185\/revisions"}],"predecessor-version":[{"id":4235,"href":"https:\/\/tondeuse-auto.ch\/de\/wp-json\/wp\/v2\/product\/1185\/revisions\/4235"}],"wp:featuredmedia":[{"embeddable":true,"href":"https:\/\/tondeuse-auto.ch\/de\/wp-json\/wp\/v2\/media\/4234"}],"wp:attachment":[{"href":"https:\/\/tondeuse-auto.ch\/de\/wp-json\/wp\/v2\/media?parent=1185"}],"wp:term":[{"taxonomy":"product_brand","embeddable":true,"href":"https:\/\/tondeuse-auto.ch\/de\/wp-json\/wp\/v2\/product_brand?post=1185"},{"taxonomy":"product_cat","embeddable":true,"href":"https:\/\/tondeuse-auto.ch\/de\/wp-json\/wp\/v2\/product_cat?post=1185"},{"taxonomy":"product_tag","embeddable":true,"href":"https:\/\/tondeuse-auto.ch\/de\/wp-json\/wp\/v2\/product_tag?post=1185"}],"curies":[{"name":"wp","href":"https:\/\/api.w.org\/{rel}","templated":true}]}}