{"id":1182,"date":"2026-02-08T21:18:26","date_gmt":"2026-02-08T21:18:26","guid":{"rendered":"http:\/\/&#038;p=1182"},"modified":"2026-04-03T01:30:18","modified_gmt":"2026-04-03T01:30:18","slug":"rt5097-1-stihl","status":"publish","type":"product","link":"https:\/\/tondeuse-auto.ch\/de\/produkt\/rt5097-1-stihl\/","title":{"rendered":"RT5097.1 STIHL"},"content":{"rendered":"<div class=\"col-lg-7\">\n<div class=\"tabs\">\n<div id=\"tab-content\" class=\"tab-content\">\n<div id=\"description\" class=\"tab-pane fade show active\">\n<div class=\"product-description\">\n<ul>\n<li><b>Largeur de coupe<\/b>\u00a0: 95 cm<\/li>\n<li><b>Superficie du terrain<\/b>\u00a0: 6 000 m2<\/li>\n<li><b>Moteur<\/b>\u00a0:\u00a0STIHL EVC 4000 \u2013 452 cm3 \u2013 8.2 kW<\/li>\n<li><b>Bac de ramassage<\/b>\u00a0: 250 l<\/li>\n<li><b>Tonte rapide des grands espaces<\/b><\/li>\n<li><b>Plateau de coupe synchronis\u00e9<\/b>\u00a0: les deux lames du plateau de coupe sont d\u00e9cal\u00e9es de 90 degr\u00e9s. Leur synchronisation permet aux couteaux de s\u2019embo\u00eeter sans contact. Il en r\u00e9sulte une qualit\u00e9 de coupe constante ainsi qu\u2019un transport optimal de l\u2019herbe vers le canal d\u2019\u00e9jection.<\/li>\n<li><b>Embrayage de lame \u00e9lectromagn\u00e9tique<\/b>\u00a0: depuis le tableau de bord, il est possible d\u2019activer ou de d\u00e9sactiver facilement les lames du plateau de coupe.<\/li>\n<li><b>Plateau de coupe avec diviseurs<\/b>\u00a0: gr\u00e2ce aux diviseurs, l\u2019herbe est saisie sur les bords du plateau de coupe et achemin\u00e9e vers la lame. Ceci permet de couper avec une tr\u00e8s grande pr\u00e9cision les bords de pelouse.<\/li>\n<li><b>Si\u00e8ge r\u00e9glable \u00e0 suspension<\/b>\u00a0: le si\u00e8ge peut \u00eatre r\u00e9gl\u00e9 pour s\u2019adapter \u00e0 la morphologie du conducteur. Il peut \u00eatre r\u00e9gl\u00e9 instantan\u00e9ment et sans outil.<\/li>\n<li><b>Entra\u00eenement hydrostatique \u00e0 p\u00e9dale unique<\/b>\u00a0: le levier de commande permet de passer de la marche avant \u00e0 la marche arri\u00e8re en tout confort, ce qui facilite les man\u0153uvres rapides. La p\u00e9dale sensible \u00e0 la pression permet une gradation pr\u00e9cise du tempo entre la vitesse maximale et l\u2019arr\u00eat. La p\u00e9dale de frein s\u00e9par\u00e9e assure un arr\u00eat imm\u00e9diat.<\/li>\n<li><b>Vidage du bac de ramassage facile<\/b>\u00a0: le bac de ramassage rigide en forme de godet se vide en tout confort sans quitter le si\u00e8ge et se nettoie facilement gr\u00e2ce son design bien pens\u00e9.<\/li>\n<\/ul>\n<p>Fiche technique<\/p>\n<\/div>\n<\/div>\n<\/div>\n<\/div>\n<\/div>\n<div class=\"col-lg-5\">\n<div id=\"product-details\">\n<section class=\"product-features mb-2\">\n<dl class=\"data-sheet d-flex flex-wrap justify-content-between m-0\">\n<dt class=\"name mb-1 p-2\">Avantages du produit<\/dt>\n<dd class=\"value mb-1 p-2\">Entra\u00eenement hydrostatique, embrayage de lame \u00e9lectromagn\u00e9tique, bac de ramassage rigide 250 litres<\/dd>\n<dt class=\"name mb-1 p-2\">Moteur<\/dt>\n<dd class=\"value mb-1 p-2\">Moteur STIHL EVC 4000 \u2013 452 cm3 \u2013 8.2 kW<\/dd>\n<dt class=\"name mb-1 p-2\">Ramassage<\/dt>\n<dd class=\"value mb-1 p-2\">Bac de ramassage rigide 250 litres<\/dd>\n<dt class=\"name mb-1 p-2\">Carter de coupe<\/dt>\n<dd class=\"value mb-1 p-2\">Largeur de coupe: 95 cm, \u00e9jection arri\u00e8re<\/dd>\n<dt class=\"name mb-1 p-2\">Avancement \/ Entrainement<\/dt>\n<dd class=\"value mb-1 p-2\">Transmission hydrostatique<\/dd>\n<dt class=\"name mb-1 p-2\">Poids<\/dt>\n<dd class=\"value mb-1 p-2\">228 kg<\/dd>\n<dt class=\"name mb-1 p-2\">Surface conseill\u00e9e max.<\/dt>\n<dd class=\"value mb-1 p-2\">6000 m\u00b2<\/dd>\n<dt class=\"name mb-1 p-2\">Garantie<\/dt>\n<dd class=\"value mb-1 p-2\">2 ans<\/dd>\n<\/dl>\n<\/section>\n<\/div>\n<\/div>","protected":false},"excerpt":{"rendered":"<p>Les tracteurs de pelouse s\u00e9ries RT5 et RT6 ont \u00e9t\u00e9 con\u00e7us et d\u00e9velopp\u00e9s \u00e0 100% par les ing\u00e9nieurs de STIHL. Ces tracteurs de pelouse STIHL combinent un niveau de qualit\u00e9 irr\u00e9prochable et des techniques novatrices uniques. Performances de coupe et confort de conduite exceptionnel sont les atouts majeurs de cette gamme compos\u00e9e de 3 largeurs de coupes diff\u00e9rentes, d\u2019un choix de motorisations vari\u00e9 et d\u2019une technique d\u2019avancement par bo\u00eete hydrostatique. Un grand choix d\u2019accessoires optionnels peut \u00e9quiper l\u2019int\u00e9gralit\u00e9 de la s\u00e9rie RT5 ou RT6.<\/p>","protected":false},"featured_media":4228,"comment_status":"open","ping_status":"closed","template":"","meta":[],"product_brand":[49],"product_cat":[53],"product_tag":[],"class_list":{"0":"post-1182","1":"product","2":"type-product","3":"status-publish","4":"has-post-thumbnail","6":"product_brand-stihl","7":"product_cat-autoportees","9":"first","10":"instock","11":"taxable","12":"shipping-taxable","13":"purchasable","14":"product-type-simple"},"jetpack_sharing_enabled":true,"_links":{"self":[{"href":"https:\/\/tondeuse-auto.ch\/de\/wp-json\/wp\/v2\/product\/1182","targetHints":{"allow":["GET"]}}],"collection":[{"href":"https:\/\/tondeuse-auto.ch\/de\/wp-json\/wp\/v2\/product"}],"about":[{"href":"https:\/\/tondeuse-auto.ch\/de\/wp-json\/wp\/v2\/types\/product"}],"replies":[{"embeddable":true,"href":"https:\/\/tondeuse-auto.ch\/de\/wp-json\/wp\/v2\/comments?post=1182"}],"version-history":[{"count":1,"href":"https:\/\/tondeuse-auto.ch\/de\/wp-json\/wp\/v2\/product\/1182\/revisions"}],"predecessor-version":[{"id":4229,"href":"https:\/\/tondeuse-auto.ch\/de\/wp-json\/wp\/v2\/product\/1182\/revisions\/4229"}],"wp:featuredmedia":[{"embeddable":true,"href":"https:\/\/tondeuse-auto.ch\/de\/wp-json\/wp\/v2\/media\/4228"}],"wp:attachment":[{"href":"https:\/\/tondeuse-auto.ch\/de\/wp-json\/wp\/v2\/media?parent=1182"}],"wp:term":[{"taxonomy":"product_brand","embeddable":true,"href":"https:\/\/tondeuse-auto.ch\/de\/wp-json\/wp\/v2\/product_brand?post=1182"},{"taxonomy":"product_cat","embeddable":true,"href":"https:\/\/tondeuse-auto.ch\/de\/wp-json\/wp\/v2\/product_cat?post=1182"},{"taxonomy":"product_tag","embeddable":true,"href":"https:\/\/tondeuse-auto.ch\/de\/wp-json\/wp\/v2\/product_tag?post=1182"}],"curies":[{"name":"wp","href":"https:\/\/api.w.org\/{rel}","templated":true}]}}