{"id":1178,"date":"2026-02-08T21:18:26","date_gmt":"2026-02-08T21:18:26","guid":{"rendered":"http:\/\/&#038;p=1178"},"modified":"2026-04-03T01:30:17","modified_gmt":"2026-04-03T01:30:17","slug":"rt-4112-1-sz-stihl","status":"publish","type":"product","link":"https:\/\/tondeuse-auto.ch\/de\/produkt\/rt-4112-1-sz-stihl\/","title":{"rendered":"RT 4112.1 SZ STIHL"},"content":{"rendered":"<div class=\"col-lg-7\">\n<div class=\"tabs\">\n<div id=\"tab-content\" class=\"tab-content\">\n<div id=\"description\" class=\"tab-pane fade show active\">\n<div class=\"product-description\">\n<ul>\n<li><b>Largeur de coupe<\/b>\u00a0: 110 cm<\/li>\n<li><b>Superficie du terrain<\/b>\u00a0: 8 000 m2<\/li>\n<li><b>Moteur S<\/b>\u00a0:\u00a0STIHL EVC 7000 \u2013 635 cm3 \u2013 Bicylindre<\/li>\n<li><b>Tonte rapide des grands espaces<\/b><\/li>\n<li><b>Plateau de coupe synchronis\u00e9<\/b>\u00a0: les deux lames du plateau de coupe sont d\u00e9cal\u00e9es de 90 degr\u00e9s. Leur synchronisation permet aux couteaux de s\u2019embo\u00eeter sans contact. Il en r\u00e9sulte une qualit\u00e9 de coupe constante ainsi qu\u2019un transport optimal de l\u2019herbe vers le canal d\u2019\u00e9jection.<\/li>\n<li><b>Embrayage de lame \u00e9lectromagn\u00e9tique<\/b>\u00a0: depuis le tableau de bord, il est possible d\u2019activer ou de d\u00e9sactiver facilement les lames du plateau de coupe.<\/li>\n<li><b>Plateau de coupe avec diviseurs<\/b>\u00a0: le syst\u00e8me de ramassage des deux c\u00f4t\u00e9s du plateau de coupe saisit aussi l\u2019herbe sur les bords et l\u2019achemine vers les lames. Ceci permet de couper les bordures avec une tr\u00e8s grande pr\u00e9cision.<\/li>\n<li><b>Si\u00e8ge r\u00e9glable \u00e0 suspension<\/b>\u00a0: le si\u00e8ge peut \u00eatre r\u00e9gl\u00e9 pour s\u2019adapter \u00e0 quasiment toutes les corpulences. Il peut \u00eatre r\u00e9gl\u00e9 instantan\u00e9ment et sans outil \u00e0 chaque utilisateur.<\/li>\n<li><b>Entra\u00eenement hydrostatique \u00e0 p\u00e9dale unique<\/b>\u00a0: tous les mod\u00e8les sont \u00e9quip\u00e9s de l\u2019entra\u00eenement hydrostatique \u00e0 p\u00e9dale unique sp\u00e9cifique \u00e0 STIHL, le levier de commande permet de passer de la marche avant \u00e0 la marche arri\u00e8re en tout confort, ce qui facilite les man\u0153uvres rapides. La p\u00e9dale sensible \u00e0 la pression permet une gradation pr\u00e9cise du tempo entre la vitesse maximale et l\u2019arr\u00eat. La p\u00e9dale de frein s\u00e9par\u00e9e assure un arr\u00eat imm\u00e9diat.<\/li>\n<\/ul>\n<\/div>\n<\/div>\n<\/div>\n<\/div>\n<\/div>\n<div class=\"col-lg-5\">\n<div id=\"product-details\">\n<section class=\"product-features mb-2\">\n<p class=\"product-details-title h3 mb-3 py-2\">Fiche technique<\/p>\n<dl class=\"data-sheet d-flex flex-wrap justify-content-between m-0\">\n<dt class=\"name mb-1 p-2\">Avantages du produit<\/dt>\n<dd class=\"value mb-1 p-2\">Entra\u00eenement hydrostatique \u00e0 p\u00e9dale unique, embrayage de lame \u00e9lectromagn\u00e9tique, moteur STIHL bicylindre.<\/dd>\n<dt class=\"name mb-1 p-2\">Moteur<\/dt>\n<dd class=\"value mb-1 p-2\">Moteur bicylindre STIHL EVC 7000 \u2013 635 cm3<\/dd>\n<dt class=\"name mb-1 p-2\">Carter de coupe<\/dt>\n<dd class=\"value mb-1 p-2\">Largeur de coupe: 110 cm, \u00e9jection lat\u00e9rale<\/dd>\n<dt class=\"name mb-1 p-2\">Avancement \/ Entrainement<\/dt>\n<dd class=\"value mb-1 p-2\">Transmission hydrostatique \u00e0 p\u00e9dale unique<\/dd>\n<dt class=\"name mb-1 p-2\">Surface conseill\u00e9e max.<\/dt>\n<dd class=\"value mb-1 p-2\">8000 m\u00b2<\/dd>\n<dt class=\"name mb-1 p-2\">Garantie<\/dt>\n<dd class=\"value mb-1 p-2\">2 ans<\/dd>\n<\/dl>\n<\/section>\n<\/div>\n<\/div>","protected":false},"excerpt":{"rendered":"<p>Les tracteurs de pelouse \u00e0 \u00e9jection lat\u00e9rale de la S\u00e9rie T4 ont \u00e9t\u00e9 con\u00e7us et d\u00e9velopp\u00e9s \u00e0 100% par les ing\u00e9nieurs de STIHL.<\/p>\n<p>Ces tracteurs de pelouse STIHL combinent un niveau de qualit\u00e9 irr\u00e9prochable et des techniques novatrices uniques.<\/p>\n<p>Qualit\u00e9 de coupe, performances en terme d\u2019\u00e9jection et confort de conduite exceptionnel sont les atouts majeurs de cette gamme compos\u00e9e de 2 largeurs de coupes diff\u00e9rentes, d\u2019un choix de motorisations vari\u00e9, d\u2019un embrayage de lames \u00e9lectromagn\u00e9tique et d\u2019une technique d\u2019avancement par bo\u00eete hydrostatique. Un grand choix d\u2019accessoires optionnels peut \u00e9quiper l\u2019int\u00e9gralit\u00e9 de la s\u00e9rie T4.<\/p>","protected":false},"featured_media":4224,"comment_status":"open","ping_status":"closed","template":"","meta":[],"product_brand":[49],"product_cat":[53],"product_tag":[],"class_list":{"0":"post-1178","1":"product","2":"type-product","3":"status-publish","4":"has-post-thumbnail","6":"product_brand-stihl","7":"product_cat-autoportees","9":"first","10":"instock","11":"taxable","12":"shipping-taxable","13":"purchasable","14":"product-type-simple"},"jetpack_sharing_enabled":true,"_links":{"self":[{"href":"https:\/\/tondeuse-auto.ch\/de\/wp-json\/wp\/v2\/product\/1178","targetHints":{"allow":["GET"]}}],"collection":[{"href":"https:\/\/tondeuse-auto.ch\/de\/wp-json\/wp\/v2\/product"}],"about":[{"href":"https:\/\/tondeuse-auto.ch\/de\/wp-json\/wp\/v2\/types\/product"}],"replies":[{"embeddable":true,"href":"https:\/\/tondeuse-auto.ch\/de\/wp-json\/wp\/v2\/comments?post=1178"}],"version-history":[{"count":1,"href":"https:\/\/tondeuse-auto.ch\/de\/wp-json\/wp\/v2\/product\/1178\/revisions"}],"predecessor-version":[{"id":4225,"href":"https:\/\/tondeuse-auto.ch\/de\/wp-json\/wp\/v2\/product\/1178\/revisions\/4225"}],"wp:featuredmedia":[{"embeddable":true,"href":"https:\/\/tondeuse-auto.ch\/de\/wp-json\/wp\/v2\/media\/4224"}],"wp:attachment":[{"href":"https:\/\/tondeuse-auto.ch\/de\/wp-json\/wp\/v2\/media?parent=1178"}],"wp:term":[{"taxonomy":"product_brand","embeddable":true,"href":"https:\/\/tondeuse-auto.ch\/de\/wp-json\/wp\/v2\/product_brand?post=1178"},{"taxonomy":"product_cat","embeddable":true,"href":"https:\/\/tondeuse-auto.ch\/de\/wp-json\/wp\/v2\/product_cat?post=1178"},{"taxonomy":"product_tag","embeddable":true,"href":"https:\/\/tondeuse-auto.ch\/de\/wp-json\/wp\/v2\/product_tag?post=1178"}],"curies":[{"name":"wp","href":"https:\/\/api.w.org\/{rel}","templated":true}]}}