{"id":1095,"date":"2026-02-08T21:08:46","date_gmt":"2026-02-08T21:08:46","guid":{"rendered":"http:\/\/&#038;p=1095"},"modified":"2026-04-03T02:38:03","modified_gmt":"2026-04-03T02:38:03","slug":"debroussailleuse-545rx-husqvarna-2","status":"publish","type":"product","link":"https:\/\/tondeuse-auto.ch\/de\/produkt\/debroussailleuse-545rx-husqvarna-2\/","title":{"rendered":"Husqvarna 545RX D\u00e9broussailleuse Thermique Professionnelle"},"content":{"rendered":"<p>La d\u00e9broussailleuse HUSQVARNA 545RX est une machine \u00e0 destination des professionnels pour l\u2019entretien des espaces verts. En effet, cette d\u00e9broussailleuse puissante sera efficace tout en \u00e9tant confortable pour optimiser de longues sessions de travail de d\u00e9broussaillage.<\/p>\n<p>Pour le confort de l\u2019utilisateur : cette machine est \u00e9quip\u00e9e d\u2019un syst\u00e8me anti vibration et d\u2019un guidon confort pour des conditions de travail exceptionnelles. La position de celui ci, l\u00e9g\u00e8rement inclin\u00e9, permet une bonne prise en main et une posture de travail id\u00e9ale. De plus, la potence support du guidon d\u00e9cal\u00e9e et sur\u00e9lev\u00e9e lui conf\u00e8re un maximum de libert\u00e9 de mouvement et d\u2019espace pour les jambes, surtout lorsqu\u2019on travaille en pente.<\/p>\n<p>Cette d\u00e9broussailleuse HUSQVARNA 545RX est une puissante machine. Equip\u00e9e d\u2019un moteur thermique X-torq qui offre davantage de couple et une r\u00e9duction de la consommation de carburant et des \u00e9missions polluantes. Elle sera parfaite pour toutes vos longues sessions de d\u00e9broussaillage tout en offrant une coupe optimale. De plus, le d\u00e9marrages est facile gr\u00e2ce \u00e0 la fonction Smart Start qui r\u00e9duit la r\u00e9sistance dans la corde du lanceur.<\/p>","protected":false},"excerpt":{"rendered":"<p><b>Avantages du produit<\/b><\/p>\n<p>Moteur X-Torq, guidon r\u00e9glable, harnais ergonomique, syst\u00e8me anti-vibration, d\u00e9marrage facile, poign\u00e9e soft grip,<\/p>\n<p><b>Conseil du pro<\/b><\/p>\n<p>Bon \u00e9quilibrage avec le r\u00e9servoir de carburant plac\u00e9 \u00e0 l\u2019avant du moteur<\/p>\n<p><b>Moteur<\/b><\/p>\n<p>HUSQVARNA 2 tps<\/p>\n<p><b>Puissance<\/b><\/p>\n<p>2.1 kW<\/p>\n<p><b>Cylindr\u00e9e (cm3)<\/b><\/p>\n<p>45.7<\/p>\n<p><b>Poids<\/b><\/p>\n<p>8.9 Kg<\/p>\n<p><b>Outils fournis<\/b><\/p>\n<p>Harnais, t\u00eate nylon T45X, couteau 3 dents<\/p>","protected":false},"featured_media":4362,"comment_status":"closed","ping_status":"closed","template":"","meta":[],"product_brand":[36],"product_cat":[50],"product_tag":[],"class_list":{"0":"post-1095","1":"product","2":"type-product","3":"status-publish","4":"has-post-thumbnail","6":"product_brand-husqvarna","7":"product_cat-tondeuses-debroussailleuses","9":"first","10":"instock","11":"taxable","12":"shipping-taxable","13":"purchasable","14":"product-type-simple"},"jetpack_sharing_enabled":true,"_links":{"self":[{"href":"https:\/\/tondeuse-auto.ch\/de\/wp-json\/wp\/v2\/product\/1095","targetHints":{"allow":["GET"]}}],"collection":[{"href":"https:\/\/tondeuse-auto.ch\/de\/wp-json\/wp\/v2\/product"}],"about":[{"href":"https:\/\/tondeuse-auto.ch\/de\/wp-json\/wp\/v2\/types\/product"}],"replies":[{"embeddable":true,"href":"https:\/\/tondeuse-auto.ch\/de\/wp-json\/wp\/v2\/comments?post=1095"}],"version-history":[{"count":1,"href":"https:\/\/tondeuse-auto.ch\/de\/wp-json\/wp\/v2\/product\/1095\/revisions"}],"predecessor-version":[{"id":4377,"href":"https:\/\/tondeuse-auto.ch\/de\/wp-json\/wp\/v2\/product\/1095\/revisions\/4377"}],"wp:featuredmedia":[{"embeddable":true,"href":"https:\/\/tondeuse-auto.ch\/de\/wp-json\/wp\/v2\/media\/4362"}],"wp:attachment":[{"href":"https:\/\/tondeuse-auto.ch\/de\/wp-json\/wp\/v2\/media?parent=1095"}],"wp:term":[{"taxonomy":"product_brand","embeddable":true,"href":"https:\/\/tondeuse-auto.ch\/de\/wp-json\/wp\/v2\/product_brand?post=1095"},{"taxonomy":"product_cat","embeddable":true,"href":"https:\/\/tondeuse-auto.ch\/de\/wp-json\/wp\/v2\/product_cat?post=1095"},{"taxonomy":"product_tag","embeddable":true,"href":"https:\/\/tondeuse-auto.ch\/de\/wp-json\/wp\/v2\/product_tag?post=1095"}],"curies":[{"name":"wp","href":"https:\/\/api.w.org\/{rel}","templated":true}]}}