{"id":1702,"date":"2026-02-11T02:26:55","date_gmt":"2026-02-11T01:26:55","guid":{"rendered":"https:\/\/robot-tonde-aspir.ch\/?page_id=1702"},"modified":"2026-04-03T04:25:22","modified_gmt":"2026-04-03T04:25:22","slug":"paiement-securise","status":"publish","type":"page","link":"https:\/\/tondeuse-auto.ch\/de\/paiement-securise\/","title":{"rendered":"Paiement s\u00e9curis\u00e9"},"content":{"rendered":"<p>Paiement s\u00e9curis\u00e9<\/p>\n\n\n\n<p>Sur tondeuse-auto.ch, toutes les commandes sont trait\u00e9es dans un environnement de paiement s\u00e9curis\u00e9.<\/p>\n\n\n\n<p>Nous mettons en \u0153uvre des solutions de paiement fiables afin de garantir la confidentialit\u00e9 et la protection de vos donn\u00e9es bancaires lors de chaque transaction.<\/p>\n\n\n\n<p>Moyens de paiement accept\u00e9s :<\/p>\n\n\n\n<ul class=\"wp-block-list\">\n<li>Carte bancaire<\/li>\n\n\n\n<li>Virement bancaire<\/li>\n\n\n\n<li>Autres moyens propos\u00e9s au moment de la commande<\/li>\n<\/ul>\n\n\n\n<p>Les informations de paiement ne sont pas conserv\u00e9es sur notre site et sont trait\u00e9es via des syst\u00e8mes s\u00e9curis\u00e9s conformes aux standards de protection en vigueur.<\/p>\n\n\n\n<p>En cas de question concernant un paiement, notre service client reste \u00e0 votre disposition \u00e0 l\u2019adresse suivante :<br>contact@tondeuse-auto.ch<\/p>\n\n\n\n<p><\/p>","protected":false},"excerpt":{"rendered":"<p>Paiement s\u00e9curis\u00e9 Sur tondeuse-auto.ch, toutes les commandes sont trait\u00e9es dans un environnement de paiement s\u00e9curis\u00e9. Nous mettons en \u0153uvre des<\/p>","protected":false},"author":1,"featured_media":0,"parent":0,"menu_order":0,"comment_status":"closed","ping_status":"closed","template":"","meta":{"footnotes":""},"class_list":["post-1702","page","type-page","status-publish","hentry"],"jetpack_sharing_enabled":true,"_links":{"self":[{"href":"https:\/\/tondeuse-auto.ch\/de\/wp-json\/wp\/v2\/pages\/1702","targetHints":{"allow":["GET"]}}],"collection":[{"href":"https:\/\/tondeuse-auto.ch\/de\/wp-json\/wp\/v2\/pages"}],"about":[{"href":"https:\/\/tondeuse-auto.ch\/de\/wp-json\/wp\/v2\/types\/page"}],"author":[{"embeddable":true,"href":"https:\/\/tondeuse-auto.ch\/de\/wp-json\/wp\/v2\/users\/1"}],"replies":[{"embeddable":true,"href":"https:\/\/tondeuse-auto.ch\/de\/wp-json\/wp\/v2\/comments?post=1702"}],"version-history":[{"count":1,"href":"https:\/\/tondeuse-auto.ch\/de\/wp-json\/wp\/v2\/pages\/1702\/revisions"}],"predecessor-version":[{"id":4418,"href":"https:\/\/tondeuse-auto.ch\/de\/wp-json\/wp\/v2\/pages\/1702\/revisions\/4418"}],"wp:attachment":[{"href":"https:\/\/tondeuse-auto.ch\/de\/wp-json\/wp\/v2\/media?parent=1702"}],"curies":[{"name":"wp","href":"https:\/\/api.w.org\/{rel}","templated":true}]}}