{"id":1690,"date":"2026-02-11T01:02:03","date_gmt":"2026-02-11T00:02:03","guid":{"rendered":"https:\/\/robot-tonde-aspir.ch\/?page_id=1690"},"modified":"2026-04-03T04:32:44","modified_gmt":"2026-04-03T04:32:44","slug":"suivre-ma-commande","status":"publish","type":"page","link":"https:\/\/tondeuse-auto.ch\/de\/suivre-ma-commande\/","title":{"rendered":"Suivre ma commande\u00a0"},"content":{"rendered":"<p>O\u00f9 trouver le suivi ?<\/p>\n\n\n\n<p><br>Apr\u00e8s validation de votre commande sur tondeuse-auto.ch, vous recevez une confirmation par email.<\/p>\n\n\n\n<p>D\u00e8s l\u2019exp\u00e9dition de votre commande, un num\u00e9ro de suivi peut vous \u00eatre communiqu\u00e9 afin de vous permettre de suivre l\u2019acheminement de votre colis.<\/p>\n\n\n\n<p>Vous pouvez \u00e9galement contacter notre service client pour toute demande relative au statut de votre commande.<\/p>\n\n\n\n<p>Contact service client :<br>Gazor GmbH<br>Bertastrasse 6<br>8003 Z\u00fcrich<br>Suisse<\/p>\n\n\n\n<p>T\u00e9l\u00e9phone : +41 78 461 36 02<br>Email : contact@tondeuse-auto.ch<\/p>\n\n\n\n<p><\/p>","protected":false},"excerpt":{"rendered":"<p>O\u00f9 trouver le suivi ? Apr\u00e8s validation de votre commande sur tondeuse-auto.ch, vous recevez une confirmation par email. D\u00e8s l\u2019exp\u00e9dition<\/p>","protected":false},"author":1,"featured_media":0,"parent":0,"menu_order":0,"comment_status":"closed","ping_status":"closed","template":"","meta":{"footnotes":""},"class_list":["post-1690","page","type-page","status-publish","hentry"],"jetpack_sharing_enabled":true,"_links":{"self":[{"href":"https:\/\/tondeuse-auto.ch\/de\/wp-json\/wp\/v2\/pages\/1690","targetHints":{"allow":["GET"]}}],"collection":[{"href":"https:\/\/tondeuse-auto.ch\/de\/wp-json\/wp\/v2\/pages"}],"about":[{"href":"https:\/\/tondeuse-auto.ch\/de\/wp-json\/wp\/v2\/types\/page"}],"author":[{"embeddable":true,"href":"https:\/\/tondeuse-auto.ch\/de\/wp-json\/wp\/v2\/users\/1"}],"replies":[{"embeddable":true,"href":"https:\/\/tondeuse-auto.ch\/de\/wp-json\/wp\/v2\/comments?post=1690"}],"version-history":[{"count":1,"href":"https:\/\/tondeuse-auto.ch\/de\/wp-json\/wp\/v2\/pages\/1690\/revisions"}],"predecessor-version":[{"id":4420,"href":"https:\/\/tondeuse-auto.ch\/de\/wp-json\/wp\/v2\/pages\/1690\/revisions\/4420"}],"wp:attachment":[{"href":"https:\/\/tondeuse-auto.ch\/de\/wp-json\/wp\/v2\/media?parent=1690"}],"curies":[{"name":"wp","href":"https:\/\/api.w.org\/{rel}","templated":true}]}}