{"id":1688,"date":"2026-02-11T01:01:36","date_gmt":"2026-02-11T00:01:36","guid":{"rendered":"https:\/\/robot-tonde-aspir.ch\/?page_id=1688"},"modified":"2026-04-03T06:40:44","modified_gmt":"2026-04-03T06:40:44","slug":"retour-et-remboursement","status":"publish","type":"page","link":"https:\/\/tondeuse-auto.ch\/de\/retour-et-remboursement\/","title":{"rendered":"Retour et remboursement"},"content":{"rendered":"<p><br>Retour et remboursement<\/p>\n\n\n\n<p>Vous disposez d\u2019un d\u00e9lai de 14 jours apr\u00e8s r\u00e9ception pour retourner un produit.<\/p>\n\n\n\n<p>Conditions de retour :<\/p>\n\n\n\n<ul class=\"wp-block-list\">\n<li>Produit non utilis\u00e9<\/li>\n\n\n\n<li>Dans son emballage d\u2019origine<\/li>\n\n\n\n<li>En parfait \u00e9tat<\/li>\n<\/ul>\n\n\n\n<p>Remboursement :<\/p>\n\n\n\n<p><br>Le remboursement est effectu\u00e9 dans un d\u00e9lai de 5 \u00e0 10 jours ouvr\u00e9s apr\u00e8s r\u00e9ception et v\u00e9rification du produit retourn\u00e9.<\/p>\n\n\n\n<p>Le remboursement est effectu\u00e9 via le m\u00eame moyen de paiement utilis\u00e9 lors de la commande.<\/p>\n\n\n\n<p>Frais de retour :<br>Les frais de retour sont \u00e0 la charge du client sauf en cas de produit d\u00e9fectueux.<\/p>\n\n\n\n<p>Contact : contact@tondeuse-auto.ch<\/p>\n\n\n\n<p><\/p>","protected":false},"excerpt":{"rendered":"<p>Retour et remboursement Vous disposez d\u2019un d\u00e9lai de 14 jours apr\u00e8s r\u00e9ception pour retourner un produit. Conditions de retour :<\/p>","protected":false},"author":1,"featured_media":0,"parent":0,"menu_order":0,"comment_status":"closed","ping_status":"closed","template":"","meta":{"footnotes":""},"class_list":["post-1688","page","type-page","status-publish","hentry"],"jetpack_sharing_enabled":true,"_links":{"self":[{"href":"https:\/\/tondeuse-auto.ch\/de\/wp-json\/wp\/v2\/pages\/1688","targetHints":{"allow":["GET"]}}],"collection":[{"href":"https:\/\/tondeuse-auto.ch\/de\/wp-json\/wp\/v2\/pages"}],"about":[{"href":"https:\/\/tondeuse-auto.ch\/de\/wp-json\/wp\/v2\/types\/page"}],"author":[{"embeddable":true,"href":"https:\/\/tondeuse-auto.ch\/de\/wp-json\/wp\/v2\/users\/1"}],"replies":[{"embeddable":true,"href":"https:\/\/tondeuse-auto.ch\/de\/wp-json\/wp\/v2\/comments?post=1688"}],"version-history":[{"count":2,"href":"https:\/\/tondeuse-auto.ch\/de\/wp-json\/wp\/v2\/pages\/1688\/revisions"}],"predecessor-version":[{"id":4446,"href":"https:\/\/tondeuse-auto.ch\/de\/wp-json\/wp\/v2\/pages\/1688\/revisions\/4446"}],"wp:attachment":[{"href":"https:\/\/tondeuse-auto.ch\/de\/wp-json\/wp\/v2\/media?parent=1688"}],"curies":[{"name":"wp","href":"https:\/\/api.w.org\/{rel}","templated":true}]}}