{"id":153,"date":"2026-02-08T00:22:48","date_gmt":"2026-02-07T23:22:48","guid":{"rendered":"https:\/\/robot-tonde-aspir.ch\/?page_id=153"},"modified":"2026-04-03T04:33:29","modified_gmt":"2026-04-03T04:33:29","slug":"mentions-legales","status":"publish","type":"page","link":"https:\/\/tondeuse-auto.ch\/de\/mentions-legales\/","title":{"rendered":"MENTIONS L\u00c9GALES"},"content":{"rendered":"<p>Mentions l\u00e9gales<\/p>\n\n\n\n<p>Le site https:\/\/tondeuse-auto.ch est \u00e9dit\u00e9 par :<\/p>\n\n\n\n<p>Gazor GmbH<br>Bertastrasse 6<br>8003 Z\u00fcrich<br>Suisse<\/p>\n\n\n\n<p>Num\u00e9ro au registre du commerce : CH-020.4.087.940-6<br>IDE \/ TVA : CHE-469.160.064<\/p>\n\n\n\n<p>T\u00e9l\u00e9phone : +41 78 461 36 02<br>Email : contact@tondeuse-auto.ch<\/p>\n\n\n\n<p>Responsable de la publication : Gazor GmbH<\/p>\n\n\n\n<p>H\u00e9bergement :<br>Infomaniak Network SA<br>Rue Eug\u00e8ne-Marziano 25<br>1227 Gen\u00e8ve<br>Suisse<br>https:\/\/www.infomaniak.com<\/p>\n\n\n\n<p>Le contenu du site est prot\u00e9g\u00e9 par le droit de la propri\u00e9t\u00e9 intellectuelle. Toute reproduction ou utilisation sans autorisation est interdite<\/p>\n\n\n\n<p><\/p>","protected":false},"excerpt":{"rendered":"<p>Mentions l\u00e9gales Le site https:\/\/tondeuse-auto.ch est \u00e9dit\u00e9 par : Gazor GmbHBertastrasse 68003 Z\u00fcrichSuisse Num\u00e9ro au registre du commerce : CH-020.4.087.940-6IDE<\/p>","protected":false},"author":1,"featured_media":0,"parent":0,"menu_order":0,"comment_status":"closed","ping_status":"closed","template":"","meta":{"footnotes":""},"class_list":["post-153","page","type-page","status-publish","hentry"],"jetpack_sharing_enabled":true,"_links":{"self":[{"href":"https:\/\/tondeuse-auto.ch\/de\/wp-json\/wp\/v2\/pages\/153","targetHints":{"allow":["GET"]}}],"collection":[{"href":"https:\/\/tondeuse-auto.ch\/de\/wp-json\/wp\/v2\/pages"}],"about":[{"href":"https:\/\/tondeuse-auto.ch\/de\/wp-json\/wp\/v2\/types\/page"}],"author":[{"embeddable":true,"href":"https:\/\/tondeuse-auto.ch\/de\/wp-json\/wp\/v2\/users\/1"}],"replies":[{"embeddable":true,"href":"https:\/\/tondeuse-auto.ch\/de\/wp-json\/wp\/v2\/comments?post=153"}],"version-history":[{"count":2,"href":"https:\/\/tondeuse-auto.ch\/de\/wp-json\/wp\/v2\/pages\/153\/revisions"}],"predecessor-version":[{"id":4421,"href":"https:\/\/tondeuse-auto.ch\/de\/wp-json\/wp\/v2\/pages\/153\/revisions\/4421"}],"wp:attachment":[{"href":"https:\/\/tondeuse-auto.ch\/de\/wp-json\/wp\/v2\/media?parent=153"}],"curies":[{"name":"wp","href":"https:\/\/api.w.org\/{rel}","templated":true}]}}