{"id":151,"date":"2026-02-08T00:19:37","date_gmt":"2026-02-07T23:19:37","guid":{"rendered":"https:\/\/robot-tonde-aspir.ch\/?page_id=151"},"modified":"2026-04-03T04:15:18","modified_gmt":"2026-04-03T04:15:18","slug":"politique-de-confidentialite","status":"publish","type":"page","link":"https:\/\/tondeuse-auto.ch\/de\/politique-de-confidentialite\/","title":{"rendered":"Politique de confidentialit\u00e9"},"content":{"rendered":"<p>Politique de confidentialit\u00e9<\/p>\n\n\n\n<p>Gazor GmbH attache une grande importance \u00e0 la protection des donn\u00e9es personnelles.<\/p>\n\n\n\n<p>Donn\u00e9es collect\u00e9es :<br>Nom, pr\u00e9nom, adresse, t\u00e9l\u00e9phone, email et informations n\u00e9cessaires \u00e0 la commande.<\/p>\n\n\n\n<p>Utilisation :<br>Les donn\u00e9es sont utilis\u00e9es uniquement pour :<\/p>\n\n\n\n<ul class=\"wp-block-list\">\n<li>traitement des commandes<\/li>\n\n\n\n<li>service client<\/li>\n\n\n\n<li>am\u00e9lioration de l\u2019exp\u00e9rience utilisateur<\/li>\n<\/ul>\n\n\n\n<p>Cookies :<br>Le site utilise des cookies pour mesurer l\u2019audience et am\u00e9liorer la navigation.<\/p>\n\n\n\n<p>S\u00e9curit\u00e9 :<br>Toutes les donn\u00e9es sont prot\u00e9g\u00e9es et ne sont ni vendues ni partag\u00e9es \u00e0 des tiers.<\/p>\n\n\n\n<p>Vos droits :<br>Vous pouvez demander l\u2019acc\u00e8s, la modification ou la suppression de vos donn\u00e9es \u00e0 tout moment.<\/p>\n\n\n\n<p>Contact : contact@tondeuse-auto.ch<\/p>\n\n\n\n<p><\/p>","protected":false},"excerpt":{"rendered":"<p>Politique de confidentialit\u00e9 Gazor GmbH attache une grande importance \u00e0 la protection des donn\u00e9es personnelles. Donn\u00e9es collect\u00e9es :Nom, pr\u00e9nom, adresse,<\/p>","protected":false},"author":1,"featured_media":0,"parent":0,"menu_order":0,"comment_status":"closed","ping_status":"closed","template":"","meta":{"footnotes":""},"class_list":["post-151","page","type-page","status-publish","hentry"],"jetpack_sharing_enabled":true,"_links":{"self":[{"href":"https:\/\/tondeuse-auto.ch\/de\/wp-json\/wp\/v2\/pages\/151","targetHints":{"allow":["GET"]}}],"collection":[{"href":"https:\/\/tondeuse-auto.ch\/de\/wp-json\/wp\/v2\/pages"}],"about":[{"href":"https:\/\/tondeuse-auto.ch\/de\/wp-json\/wp\/v2\/types\/page"}],"author":[{"embeddable":true,"href":"https:\/\/tondeuse-auto.ch\/de\/wp-json\/wp\/v2\/users\/1"}],"replies":[{"embeddable":true,"href":"https:\/\/tondeuse-auto.ch\/de\/wp-json\/wp\/v2\/comments?post=151"}],"version-history":[{"count":1,"href":"https:\/\/tondeuse-auto.ch\/de\/wp-json\/wp\/v2\/pages\/151\/revisions"}],"predecessor-version":[{"id":4411,"href":"https:\/\/tondeuse-auto.ch\/de\/wp-json\/wp\/v2\/pages\/151\/revisions\/4411"}],"wp:attachment":[{"href":"https:\/\/tondeuse-auto.ch\/de\/wp-json\/wp\/v2\/media?parent=151"}],"curies":[{"name":"wp","href":"https:\/\/api.w.org\/{rel}","templated":true}]}}