{"id":149,"date":"2026-02-08T00:12:25","date_gmt":"2026-02-07T23:12:25","guid":{"rendered":"https:\/\/robot-tonde-aspir.ch\/?page_id=149"},"modified":"2026-04-03T04:13:50","modified_gmt":"2026-04-03T04:13:50","slug":"conditions-generales-de-vente","status":"publish","type":"page","link":"https:\/\/tondeuse-auto.ch\/de\/conditions-generales-de-vente\/","title":{"rendered":"Conditions G\u00e9n\u00e9rales de Vente"},"content":{"rendered":"<p>Conditions g\u00e9n\u00e9rales de vente<\/p>\n\n\n\n<p>Les pr\u00e9sentes conditions r\u00e9gissent les ventes r\u00e9alis\u00e9es sur le site https:\/\/tondeuse-auto.ch.<\/p>\n\n\n\n<p>Produits :<br>Nous proposons des \u00e9quipements de jardin : robots tondeuses, tondeuses thermiques, d\u00e9broussailleuses et tracteurs autoport\u00e9s.<\/p>\n\n\n\n<p>Prix :<br>Les prix sont indiqu\u00e9s en Franc Suisse (CHF), toutes taxes comprises.<br>La livraison est offerte sur l\u2019ensemble du territoire suisse.<\/p>\n\n\n\n<p>Paiement :<br>Le paiement est s\u00e9curis\u00e9 et peut \u00eatre effectu\u00e9 par carte bancaire, virement bancaire ou tout autre moyen propos\u00e9 sur le site.<\/p>\n\n\n\n<p>Commande :<br>Toute commande valid\u00e9e implique l\u2019acceptation des pr\u00e9sentes conditions. Elle est consid\u00e9r\u00e9e comme d\u00e9finitive apr\u00e8s confirmation du paiement.<\/p>\n\n\n\n<p>Livraison :<br>Les commandes sont exp\u00e9di\u00e9es sous 24 \u00e0 72 heures.<br>Le d\u00e9lai de livraison est g\u00e9n\u00e9ralement compris entre 3 et 7 jours ouvr\u00e9s.<br>La livraison est gratuite en Suisse.<\/p>\n\n\n\n<p>Responsabilit\u00e9 :<br>Gazor GmbH ne saurait \u00eatre tenue responsable d\u2019une mauvaise utilisation des produits ou de dommages indirects.<\/p>\n\n\n\n<p>Droit applicable :<br>Le droit suisse est applicable.<\/p>\n\n\n\n<p><\/p>","protected":false},"excerpt":{"rendered":"<p>Conditions g\u00e9n\u00e9rales de vente Les pr\u00e9sentes conditions r\u00e9gissent les ventes r\u00e9alis\u00e9es sur le site https:\/\/tondeuse-auto.ch. Produits :Nous proposons des \u00e9quipements<\/p>","protected":false},"author":1,"featured_media":0,"parent":0,"menu_order":0,"comment_status":"closed","ping_status":"closed","template":"","meta":{"footnotes":""},"class_list":["post-149","page","type-page","status-publish","hentry"],"jetpack_sharing_enabled":true,"_links":{"self":[{"href":"https:\/\/tondeuse-auto.ch\/de\/wp-json\/wp\/v2\/pages\/149","targetHints":{"allow":["GET"]}}],"collection":[{"href":"https:\/\/tondeuse-auto.ch\/de\/wp-json\/wp\/v2\/pages"}],"about":[{"href":"https:\/\/tondeuse-auto.ch\/de\/wp-json\/wp\/v2\/types\/page"}],"author":[{"embeddable":true,"href":"https:\/\/tondeuse-auto.ch\/de\/wp-json\/wp\/v2\/users\/1"}],"replies":[{"embeddable":true,"href":"https:\/\/tondeuse-auto.ch\/de\/wp-json\/wp\/v2\/comments?post=149"}],"version-history":[{"count":1,"href":"https:\/\/tondeuse-auto.ch\/de\/wp-json\/wp\/v2\/pages\/149\/revisions"}],"predecessor-version":[{"id":4410,"href":"https:\/\/tondeuse-auto.ch\/de\/wp-json\/wp\/v2\/pages\/149\/revisions\/4410"}],"wp:attachment":[{"href":"https:\/\/tondeuse-auto.ch\/de\/wp-json\/wp\/v2\/media?parent=149"}],"curies":[{"name":"wp","href":"https:\/\/api.w.org\/{rel}","templated":true}]}}